{"id":974,"date":"2021-05-15T17:24:36","date_gmt":"2021-05-15T17:24:36","guid":{"rendered":"https:\/\/gruporuipaula.com\/cms\/?page_id=974"},"modified":"2021-12-01T16:45:04","modified_gmt":"2021-12-01T16:45:04","slug":"inicio","status":"publish","type":"page","link":"https:\/\/gruporuipaula.com\/cms\/","title":{"rendered":"In\u00edcio"},"content":{"rendered":"<p>[vc_row row_type=&#8221;row&#8221; use_row_as_full_screen_section=&#8221;no&#8221; type=&#8221;full_width&#8221; text_align=&#8221;left&#8221; background_animation=&#8221;none&#8221; padding_top=&#8221;100&#8243; css_animation=&#8221;&#8221;][vc_column][vc_row_inner row_type=&#8221;row&#8221; type=&#8221;full_width&#8221; use_row_as_full_screen_section_slide=&#8221;no&#8221; text_align=&#8221;left&#8221; css_animation=&#8221;&#8221;][vc_column_inner][vc_column_text]<\/p>\n<h2 style=\"text-align: center;\">Restaurantes<\/h2>\n<p>[\/vc_column_text][vc_separator type=&#8221;transparent&#8221; border_style=&#8221;&#8221; up=&#8221;5&#8243; down=&#8221;5&#8243;][vc_column_text]<\/p>\n<h4 style=\"text-align: center;\">Os nossos Espa\u00e7os<\/h4>\n<p>[\/vc_column_text][\/vc_column_inner][\/vc_row_inner][vc_row_inner row_type=&#8221;row&#8221; type=&#8221;full_width&#8221; use_row_as_full_screen_section_slide=&#8221;no&#8221; text_align=&#8221;center&#8221; padding_top=&#8221;30&#8243; padding_bottom=&#8221;30&#8243; css_animation=&#8221;&#8221;][vc_column_inner]<div class='qode_carousels_holder clearfix with_space hover_overlay'><div class='qode_carousels carousel_owl'data-enable-navigation=\"yes\" data-slider-speed=\"2000\"  data-number_of_items = 3><div class='slides'><div class='item'><div class=\"carousel_item_holder\"><a href='https:\/\/gruporuipaula.com\/cms\/ccbn\/' target='_self'><span class='first_image_holder '><img src='https:\/\/gruporuipaula.com\/cms\/wp-content\/uploads\/2021\/06\/square-ini-6.jpg' alt='cr-rest-ccbn'><\/span><span class='carousel_image_overlay'><\/span><\/a><\/div><\/div><div class='item'><div class=\"carousel_item_holder\"><a href='https:\/\/gruporuipaula.com\/cms\/doc\/' target='_self'><span class='first_image_holder '><img src='https:\/\/gruporuipaula.com\/cms\/wp-content\/uploads\/2021\/06\/square-ini-4.jpg' alt='cr-rest-doc'><\/span><span class='carousel_image_overlay'><\/span><\/a><\/div><\/div><div class='item'><div class=\"carousel_item_holder\"><a href='https:\/\/gruporuipaula.com\/cms\/dop\/' target='_self'><span class='first_image_holder '><img src='https:\/\/gruporuipaula.com\/cms\/wp-content\/uploads\/2021\/06\/square-ini-5.jpg' alt='cr-rest-dop'><\/span><span class='carousel_image_overlay'><\/span><\/a><\/div><\/div><div class='item'><div class=\"carousel_item_holder\"><a href='https:\/\/gruporuipaula.com\/cms\/delicatessen\/' target='_self'><span class='first_image_holder '><img src='https:\/\/gruporuipaula.com\/cms\/wp-content\/uploads\/2021\/06\/square-ini-7.jpg' alt='cr-rest-delicatessen'><\/span><span class='carousel_image_overlay'><\/span><\/a><\/div><\/div><div class='item'><div class=\"carousel_item_holder\"><span class='first_image_holder '><img src='https:\/\/gruporuipaula.com\/cms\/wp-content\/uploads\/2021\/05\/Banner-CCBN-3.jpg' alt='CCBN-Test1'><\/span><span class='carousel_image_overlay'><\/span><\/div><\/div><div class='item'><div class=\"carousel_item_holder\"><span class='first_image_holder '><img src='https:\/\/gruporuipaula.com\/cms\/wp-content\/uploads\/2021\/05\/Banner-CCBN-2.jpg' alt='CCBN-Test2'><\/span><span class='carousel_image_overlay'><\/span><\/div><\/div><div class='item'><div class=\"carousel_item_holder\"><span class='first_image_holder '><img src='https:\/\/gruporuipaula.com\/cms\/wp-content\/uploads\/2021\/05\/Banner-CCBN-3.jpg' alt='CCBN-Test3'><\/span><span class='carousel_image_overlay'><\/span><\/div><\/div><div class='item'><div class=\"carousel_item_holder\"><span class='first_image_holder '><img src='https:\/\/gruporuipaula.com\/cms\/wp-content\/uploads\/2021\/05\/Banner-CCBN-2.jpg' alt='CCBN-Test4'><\/span><span class='carousel_image_overlay'><\/span><\/div><\/div><\/div><\/div><\/div>[\/vc_column_inner][\/vc_row_inner][\/vc_column][\/vc_row][vc_row row_type=&#8221;row&#8221; use_row_as_full_screen_section=&#8221;no&#8221; type=&#8221;full_width&#8221; text_align=&#8221;center&#8221; background_animation=&#8221;none&#8221; css_animation=&#8221;&#8221; background_color=&#8221;#f5f5f5&#8243;][vc_column]<div class=\"call_to_action normal\" style=\"background-color: #f5f5f5;\"><div class=\"container_inner\"><div class=\"two_columns_75_25 clearfix\"><div class=\"text_wrapper column1\"><div class=\"call_to_action_text\" style=\"\"><\/p>\n<h4>Take Away &amp; Delivery para descomplicar<\/h4>\n<p><\/div><\/div><div class=\"button_wrapper column2\"><a href=\"https:\/\/emsuacasa.gruporuipaula.com\" class=\"qbutton \" target=\"_self\" style=\"\">Encomendar<\/a><\/div><\/div><\/div><\/div>[\/vc_column][\/vc_row][vc_row row_type=&#8221;row&#8221; use_row_as_full_screen_section=&#8221;no&#8221; type=&#8221;full_width&#8221; text_align=&#8221;center&#8221; background_animation=&#8221;none&#8221; padding_top=&#8221;100&#8243; padding_bottom=&#8221;30&#8243; css_animation=&#8221;&#8221;][vc_column][vc_column_text]<\/p>\n<h2 style=\"text-align: center;\">Casas do Junco<\/h2>\n<p>[\/vc_column_text][vc_separator type=&#8221;transparent&#8221; border_style=&#8221;&#8221; up=&#8221;5&#8243; down=&#8221;5&#8243;][vc_column_text]<\/p>\n<h4 style=\"text-align: center;\">Brevemente<\/h4>\n<p>[\/vc_column_text][\/vc_column][\/vc_row][vc_row row_type=&#8221;row&#8221; use_row_as_full_screen_section=&#8221;no&#8221; type=&#8221;full_width&#8221; text_align=&#8221;center&#8221; background_image=&#8221;1192&#8243; background_animation=&#8221;none&#8221; padding_top=&#8221;200&#8243; padding_bottom=&#8221;200&#8243; css_animation=&#8221;&#8221; background_color=&#8221;#f5f5f5&#8243;][vc_column][\/vc_column][\/vc_row][vc_row row_type=&#8221;row&#8221; use_row_as_full_screen_section=&#8221;no&#8221; type=&#8221;full_width&#8221; text_align=&#8221;left&#8221; background_animation=&#8221;none&#8221; padding_top=&#8221;100&#8243; padding_bottom=&#8221;30&#8243; css_animation=&#8221;&#8221;][vc_column][vc_row_inner row_type=&#8221;row&#8221; type=&#8221;full_width&#8221; use_row_as_full_screen_section_slide=&#8221;no&#8221; text_align=&#8221;left&#8221; css_animation=&#8221;&#8221;][vc_column_inner][vc_column_text]<\/p>\n<h2 style=\"text-align: center;\">A nossa loja online<\/h2>\n<p>[\/vc_column_text][vc_separator type=&#8221;transparent&#8221; border_style=&#8221;&#8221; up=&#8221;5&#8243; down=&#8221;5&#8243;][vc_column_text]<\/p>\n<h4 style=\"text-align: center;\">Alguns dos nossos produtos<\/h4>\n<p>[\/vc_column_text][\/vc_column_inner][\/vc_row_inner][vc_row_inner row_type=&#8221;row&#8221; type=&#8221;grid&#8221; use_row_as_full_screen_section_slide=&#8221;no&#8221; text_align=&#8221;left&#8221; padding_top=&#8221;30&#8243; padding_bottom=&#8221;30&#8243; css_animation=&#8221;&#8221;][vc_column_inner][product_category per_page=&#8221;4&#8243; columns=&#8221;4&#8243; orderby=&#8221;menu_order title&#8221; order=&#8221;ASC&#8221; category=&#8221;ebooks&#8221;][\/vc_column_inner][\/vc_row_inner][\/vc_column][\/vc_row][vc_row row_type=&#8221;row&#8221; use_row_as_full_screen_section=&#8221;no&#8221; type=&#8221;full_width&#8221; text_align=&#8221;center&#8221; background_animation=&#8221;none&#8221; css_animation=&#8221;&#8221; background_color=&#8221;#f5f5f5&#8243;][vc_column width=&#8221;1\/2&#8243;][vc_single_image image=&#8221;1468&#8243; img_size=&#8221;700&#215;700&#8243; alignment=&#8221;center&#8221; qode_css_animation=&#8221;&#8221;][\/vc_column][vc_column width=&#8221;1\/2&#8243; css=&#8221;.vc_custom_1624635686332{padding-right: 100px !important;padding-left: 100px !important;}&#8221;][vc_separator type=&#8221;transparent&#8221; border_style=&#8221;&#8221; up=&#8221;70&#8243;][vc_column_text]<\/p>\n<h2 style=\"text-align: center;\">Chef Rui Paula<\/h2>\n<p>[\/vc_column_text][vc_separator type=&#8221;transparent&#8221; border_style=&#8221;&#8221; up=&#8221;5&#8243; down=&#8221;5&#8243;][vc_column_text]<\/p>\n<p style=\"text-align: center;\">Considerado uma refer\u00eancia incontorn\u00e1vel da cozinha moderna, e distinguido com duas Estrelas Michelin na Casa de Ch\u00e1 da Boa Nova, os pratos do Chef Rui Paula revelam a mem\u00f3ria das suas origens e viv\u00eancias, preservando sabores, texturas, aromas e cores, em surpreendentes recria\u00e7\u00f5es, cheias de originalidade.<\/p>\n<p>&nbsp;<\/p>\n<p>&nbsp;<\/p>\n<p style=\"text-align: center;\">Natural do Porto, a simplicidade e o sentido de humor s\u00e3o tra\u00e7os que lhe vincam a personalidade. Foram as ra\u00edzes transmontanas que lhe despertaram o gosto pela cozinha, e as mulheres da fam\u00edlia \u2013 m\u00e3e e av\u00f3 \u2013 inspiraram as bases que o transformariam no profissional que \u00e9 atualmente: apaixonado, original e surpreendente.<\/p>\n<p>&nbsp;<\/p>\n<p>&nbsp;<\/p>\n<p style=\"text-align: center;\">H\u00e1 mais de duas d\u00e9cadas, abriu o seu primeiro restaurante em Alij\u00f3 \u2013 o C\u00eapa Torta. Desde ent\u00e3o, as suas cozinhas traduzem-se em solidez e consist\u00eancia.<\/p>\n<p>[\/vc_column_text][vc_separator type=&#8221;transparent&#8221; border_style=&#8221;&#8221; up=&#8221;20&#8243; down=&#8221;20&#8243;][\/vc_column][\/vc_row][vc_row row_type=&#8221;row&#8221; use_row_as_full_screen_section=&#8221;no&#8221; type=&#8221;full_width&#8221; text_align=&#8221;left&#8221; background_animation=&#8221;none&#8221; padding_top=&#8221;100&#8243; padding_bottom=&#8221;100&#8243; css_animation=&#8221;&#8221;][vc_column][vc_row_inner row_type=&#8221;row&#8221; type=&#8221;grid&#8221; use_row_as_full_screen_section_slide=&#8221;no&#8221; text_align=&#8221;left&#8221; css_animation=&#8221;&#8221;][vc_column_inner][vc_column_text]<\/p>\n<h2 style=\"text-align: center;\">Not\u00edcias<\/h2>\n<p>[\/vc_column_text][vc_separator type=&#8221;transparent&#8221; border_style=&#8221;&#8221; up=&#8221;20&#8243; down=&#8221;20&#8243;][qode_simple_blog_list category=&#8221;noticias&#8221;][\/vc_column_inner][\/vc_row_inner][\/vc_column][\/vc_row]<\/p>\n","protected":false},"excerpt":{"rendered":"<p>[vc_row row_type=&#8221;row&#8221; use_row_as_full_screen_section=&#8221;no&#8221; type=&#8221;full_width&#8221; text_align=&#8221;left&#8221; background_animation=&#8221;none&#8221; padding_top=&#8221;100&#8243; css_animation=&#8221;&#8221;][vc_column][vc_row_inner row_type=&#8221;row&#8221; type=&#8221;full_width&#8221; use_row_as_full_screen_section_slide=&#8221;no&#8221; text_align=&#8221;left&#8221; css_animation=&#8221;&#8221;][vc_column_inner][vc_column_text] Restaurantes [\/vc_column_text][vc_separator type=&#8221;transparent&#8221; border_style=&#8221;&#8221; up=&#8221;5&#8243; down=&#8221;5&#8243;][vc_column_text] Os nossos Espa\u00e7os [\/vc_column_text][\/vc_column_inner][\/vc_row_inner][vc_row_inner row_type=&#8221;row&#8221; type=&#8221;full_width&#8221; use_row_as_full_screen_section_slide=&#8221;no&#8221; text_align=&#8221;center&#8221; padding_top=&#8221;30&#8243; padding_bottom=&#8221;30&#8243; css_animation=&#8221;&#8221;][vc_column_inner][\/vc_column_inner][\/vc_row_inner][\/vc_column][\/vc_row][vc_row row_type=&#8221;row&#8221; use_row_as_full_screen_section=&#8221;no&#8221; type=&#8221;full_width&#8221; text_align=&#8221;center&#8221; background_animation=&#8221;none&#8221;&#8230;<\/p>\n","protected":false},"author":1,"featured_media":0,"parent":0,"menu_order":0,"comment_status":"closed","ping_status":"closed","template":"full_width.php","meta":{"footnotes":""},"class_list":["post-974","page","type-page","status-publish","hentry"],"_links":{"self":[{"href":"https:\/\/gruporuipaula.com\/cms\/wp-json\/wp\/v2\/pages\/974","targetHints":{"allow":["GET"]}}],"collection":[{"href":"https:\/\/gruporuipaula.com\/cms\/wp-json\/wp\/v2\/pages"}],"about":[{"href":"https:\/\/gruporuipaula.com\/cms\/wp-json\/wp\/v2\/types\/page"}],"author":[{"embeddable":true,"href":"https:\/\/gruporuipaula.com\/cms\/wp-json\/wp\/v2\/users\/1"}],"replies":[{"embeddable":true,"href":"https:\/\/gruporuipaula.com\/cms\/wp-json\/wp\/v2\/comments?post=974"}],"version-history":[{"count":141,"href":"https:\/\/gruporuipaula.com\/cms\/wp-json\/wp\/v2\/pages\/974\/revisions"}],"predecessor-version":[{"id":1527,"href":"https:\/\/gruporuipaula.com\/cms\/wp-json\/wp\/v2\/pages\/974\/revisions\/1527"}],"wp:attachment":[{"href":"https:\/\/gruporuipaula.com\/cms\/wp-json\/wp\/v2\/media?parent=974"}],"curies":[{"name":"wp","href":"https:\/\/api.w.org\/{rel}","templated":true}]}}