{"id":961,"date":"2021-05-15T16:10:21","date_gmt":"2021-05-15T16:10:21","guid":{"rendered":"https:\/\/gruporuipaula.com\/cms\/?page_id=961"},"modified":"2021-11-23T16:37:47","modified_gmt":"2021-11-23T16:37:47","slug":"grupo-rui-paula","status":"publish","type":"page","link":"https:\/\/gruporuipaula.com\/cms\/grupo-rui-paula\/","title":{"rendered":"Grupo Rui Paula"},"content":{"rendered":"<p>[vc_row row_type=&#8221;row&#8221; use_row_as_full_screen_section=&#8221;no&#8221; type=&#8221;full_width&#8221; text_align=&#8221;center&#8221; background_animation=&#8221;none&#8221; padding_top=&#8221;100&#8243; padding_bottom=&#8221;100&#8243; css_animation=&#8221;&#8221;][vc_column][vc_row_inner row_type=&#8221;row&#8221; type=&#8221;grid&#8221; use_row_as_full_screen_section_slide=&#8221;no&#8221; text_align=&#8221;center&#8221; css_animation=&#8221;&#8221;][vc_column_inner][vc_column_text]<\/p>\n<h2 style=\"text-align: center;\">Grupo Rui Paula<\/h2>\n<p>[\/vc_column_text][vc_separator type=&#8221;transparent&#8221; border_style=&#8221;&#8221; up=&#8221;5&#8243; down=&#8221;5&#8243;][vc_column_text]<\/p>\n<h4 style=\"text-align: center;\">Miss\u00e3o<\/h4>\n<p>[\/vc_column_text][vc_separator type=&#8221;transparent&#8221; border_style=&#8221;&#8221; up=&#8221;20&#8243; down=&#8221;20&#8243;][vc_column_text]<\/p>\n<p style=\"text-align: center;\">Oferecemos produtos e servi\u00e7os de alta qualidade e valorizamos o que de melhor a gastronomia portuguesa tem para oferecer<strong>:<\/strong> o aspecto nutritivo, a qualidade e frescura, o sabor e a correta t\u00e9cnica de elabora\u00e7\u00e3o de cada alimento. Atendimento diferenciado, baseado na simpatia, efici\u00eancia e conhecimento, implementando uma pol\u00edtica de sustentabilidade s\u00f3lida e respons\u00e1vel.<\/p>\n<p>[\/vc_column_text][\/vc_column_inner][\/vc_row_inner][\/vc_column][\/vc_row][vc_row row_type=&#8221;row&#8221; use_row_as_full_screen_section=&#8221;no&#8221; type=&#8221;full_width&#8221; text_align=&#8221;center&#8221; background_image=&#8221;1173&#8243; background_animation=&#8221;none&#8221; padding_top=&#8221;180&#8243; padding_bottom=&#8221;180&#8243; css_animation=&#8221;&#8221;][vc_column][\/vc_column][\/vc_row][vc_row row_type=&#8221;row&#8221; use_row_as_full_screen_section=&#8221;no&#8221; type=&#8221;full_width&#8221; text_align=&#8221;center&#8221; background_animation=&#8221;none&#8221; padding_top=&#8221;100&#8243; padding_bottom=&#8221;100&#8243; css_animation=&#8221;&#8221;][vc_column][vc_row_inner row_type=&#8221;row&#8221; type=&#8221;grid&#8221; use_row_as_full_screen_section_slide=&#8221;no&#8221; text_align=&#8221;center&#8221; css_animation=&#8221;&#8221;][vc_column_inner][vc_column_text]<\/p>\n<h2 style=\"text-align: center;\">Dieta Mediterr\u00e2nica<\/h2>\n<p>[\/vc_column_text][vc_column_text]<\/p>\n<h4 style=\"text-align: center;\">Com Influ\u00eancia Atl\u00e2ntica<\/h4>\n<p>[\/vc_column_text][vc_separator type=&#8221;transparent&#8221; border_style=&#8221;&#8221; up=&#8221;20&#8243; down=&#8221;20&#8243;][vc_column_text]<\/p>\n<p style=\"text-align: center;\">A dieta mediterr\u00e2nica \u00e9 considerada um dos padr\u00f5es alimentares mais saud\u00e1veis e sustent\u00e1veis do mundo e a nossa cozinha tem na sua base preparados saud\u00e1veis como sopas, cozidos, ensopados e caldeiradas, temos o azeite como a principal fonte de gordura, diversidade de frutas e legumes. Implementamos esta dieta na confe\u00e7\u00e3o de cada prato, em todas as nossas cozinhas, doseando e diversificando, de forma a ter o equil\u00edbrio t\u00e3o necess\u00e1rio para a sa\u00fade de todos. A influ\u00eancia Atl\u00e2ntica imp\u00f5e-se pela liga\u00e7\u00e3o f\u00edsica e cultural de Portugal ao Mar e por isso os peixes, os mariscos e os moluscos da nossa costa s\u00e3o um denominador comum em todas as nossas cozinhas.<\/p>\n<p>[\/vc_column_text][\/vc_column_inner][\/vc_row_inner][\/vc_column][\/vc_row][vc_row row_type=&#8221;row&#8221; use_row_as_full_screen_section=&#8221;no&#8221; type=&#8221;full_width&#8221; text_align=&#8221;center&#8221; background_animation=&#8221;none&#8221; padding_top=&#8221;100&#8243; padding_bottom=&#8221;100&#8243; css_animation=&#8221;&#8221; background_color=&#8221;#f5f5f5&#8243;][vc_column][vc_row_inner row_type=&#8221;row&#8221; type=&#8221;full_width&#8221; use_row_as_full_screen_section_slide=&#8221;no&#8221; text_align=&#8221;left&#8221; css_animation=&#8221;&#8221;][vc_column_inner][vc_column_text]<\/p>\n<h2 style=\"text-align: center;\">Os nossos Espa\u00e7os<\/h2>\n<p>[\/vc_column_text][vc_separator type=&#8221;transparent&#8221; border_style=&#8221;&#8221; up=&#8221;20&#8243; down=&#8221;20&#8243;]<div class='qode_carousels_holder clearfix with_space hover_overlay'><div class='qode_carousels carousel_owl'data-enable-navigation=\"no\" data-slider-speed=\"2000\"  data-number_of_items = 3><div class='slides'><div class='item'><div class=\"carousel_item_holder\"><a href='https:\/\/gruporuipaula.com\/cms\/ccbn\/' target='_self'><span class='first_image_holder '><img src='https:\/\/gruporuipaula.com\/cms\/wp-content\/uploads\/2021\/06\/square-ini-6.jpg' alt='cr-rest-ccbn'><\/span><span class='carousel_image_overlay'><\/span><\/a><\/div><\/div><div class='item'><div class=\"carousel_item_holder\"><a href='https:\/\/gruporuipaula.com\/cms\/doc\/' target='_self'><span class='first_image_holder '><img src='https:\/\/gruporuipaula.com\/cms\/wp-content\/uploads\/2021\/06\/square-ini-4.jpg' alt='cr-rest-doc'><\/span><span class='carousel_image_overlay'><\/span><\/a><\/div><\/div><div class='item'><div class=\"carousel_item_holder\"><a href='https:\/\/gruporuipaula.com\/cms\/dop\/' target='_self'><span class='first_image_holder '><img src='https:\/\/gruporuipaula.com\/cms\/wp-content\/uploads\/2021\/06\/square-ini-5.jpg' alt='cr-rest-dop'><\/span><span class='carousel_image_overlay'><\/span><\/a><\/div><\/div><div class='item'><div class=\"carousel_item_holder\"><a href='https:\/\/gruporuipaula.com\/cms\/delicatessen\/' target='_self'><span class='first_image_holder '><img src='https:\/\/gruporuipaula.com\/cms\/wp-content\/uploads\/2021\/06\/square-ini-7.jpg' alt='cr-rest-delicatessen'><\/span><span class='carousel_image_overlay'><\/span><\/a><\/div><\/div><div class='item'><div class=\"carousel_item_holder\"><span class='first_image_holder '><img src='https:\/\/gruporuipaula.com\/cms\/wp-content\/uploads\/2021\/05\/Banner-CCBN-3.jpg' alt='CCBN-Test1'><\/span><span class='carousel_image_overlay'><\/span><\/div><\/div><div class='item'><div class=\"carousel_item_holder\"><span class='first_image_holder '><img src='https:\/\/gruporuipaula.com\/cms\/wp-content\/uploads\/2021\/05\/Banner-CCBN-2.jpg' alt='CCBN-Test2'><\/span><span class='carousel_image_overlay'><\/span><\/div><\/div><div class='item'><div class=\"carousel_item_holder\"><span class='first_image_holder '><img src='https:\/\/gruporuipaula.com\/cms\/wp-content\/uploads\/2021\/05\/Banner-CCBN-3.jpg' alt='CCBN-Test3'><\/span><span class='carousel_image_overlay'><\/span><\/div><\/div><div class='item'><div class=\"carousel_item_holder\"><span class='first_image_holder '><img src='https:\/\/gruporuipaula.com\/cms\/wp-content\/uploads\/2021\/05\/Banner-CCBN-2.jpg' alt='CCBN-Test4'><\/span><span class='carousel_image_overlay'><\/span><\/div><\/div><\/div><\/div><\/div>[\/vc_column_inner][\/vc_row_inner][\/vc_column][\/vc_row][vc_row row_type=&#8221;row&#8221; use_row_as_full_screen_section=&#8221;no&#8221; type=&#8221;full_width&#8221; text_align=&#8221;center&#8221; background_animation=&#8221;none&#8221; padding_top=&#8221;100&#8243; padding_bottom=&#8221;100&#8243; css_animation=&#8221;&#8221;][vc_column][vc_row_inner row_type=&#8221;row&#8221; type=&#8221;grid&#8221; use_row_as_full_screen_section_slide=&#8221;no&#8221; text_align=&#8221;center&#8221; css_animation=&#8221;&#8221;][vc_column_inner][vc_column_text]<\/p>\n<h2 style=\"text-align: center;\">Pol\u00edtica de Sustentabilidade<\/h2>\n<p>[\/vc_column_text][vc_column_text]<\/p>\n<h4 style=\"text-align: center;\">Reduzindo a Pegada Ecol\u00f3gica<\/h4>\n<p>[\/vc_column_text][vc_separator type=&#8221;transparent&#8221; border_style=&#8221;&#8221; up=&#8221;20&#8243; down=&#8221;20&#8243;][vc_column_text]<\/p>\n<p style=\"text-align: center;\">O desenvolvimento sustent\u00e1vel est\u00e1 intimamente ligado \u00e0 responsabilidade social.<\/p>\n<p style=\"text-align: center;\">Pela implementa\u00e7\u00e3o de um plano interno de sustentabilidade, estaremos a contribuir para a sustentabilidade global e, ao mesmo tempo, a influenciar todos<strong>:<\/strong> colaboradores, fornecedores, produtores, distribuidores e clientes;<\/p>\n<p style=\"text-align: center;\">Damos prefer\u00eancia aos produtos frescos, locais e da \u00e9poca; utilizamos cada produto na sua totalidade, reduzindo o desperd\u00edcio alimentar; os produtos utilizados t\u00eam certificado ambiental; reduzimos ao estritamente necess\u00e1rio o consumo de \u00e1gua e de energia; reciclamos, reutilizamos, repensamos, reaproveitamos e recusamos o que consideramos estar fora dos nossos crit\u00e9rios de sustentabilidade.<\/p>\n<p>[\/vc_column_text][\/vc_column_inner][\/vc_row_inner][\/vc_column][\/vc_row][vc_row row_type=&#8221;row&#8221; use_row_as_full_screen_section=&#8221;no&#8221; type=&#8221;full_width&#8221; text_align=&#8221;center&#8221; background_image=&#8221;1171&#8243; background_animation=&#8221;none&#8221; padding_top=&#8221;180&#8243; padding_bottom=&#8221;180&#8243; css_animation=&#8221;&#8221;][vc_column][\/vc_column][\/vc_row]<\/p>\n","protected":false},"excerpt":{"rendered":"<p>[vc_row row_type=&#8221;row&#8221; use_row_as_full_screen_section=&#8221;no&#8221; type=&#8221;full_width&#8221; text_align=&#8221;center&#8221; background_animation=&#8221;none&#8221; padding_top=&#8221;100&#8243; padding_bottom=&#8221;100&#8243; css_animation=&#8221;&#8221;][vc_column][vc_row_inner row_type=&#8221;row&#8221; type=&#8221;grid&#8221; use_row_as_full_screen_section_slide=&#8221;no&#8221; text_align=&#8221;center&#8221; css_animation=&#8221;&#8221;][vc_column_inner][vc_column_text] Grupo Rui Paula [\/vc_column_text][vc_separator type=&#8221;transparent&#8221; border_style=&#8221;&#8221; up=&#8221;5&#8243; down=&#8221;5&#8243;][vc_column_text] Miss\u00e3o [\/vc_column_text][vc_separator type=&#8221;transparent&#8221; border_style=&#8221;&#8221; up=&#8221;20&#8243; down=&#8221;20&#8243;][vc_column_text] Oferecemos produtos e servi\u00e7os de alta qualidade&#8230;<\/p>\n","protected":false},"author":1,"featured_media":0,"parent":0,"menu_order":0,"comment_status":"closed","ping_status":"closed","template":"full_width.php","meta":{"footnotes":""},"class_list":["post-961","page","type-page","status-publish","hentry"],"_links":{"self":[{"href":"https:\/\/gruporuipaula.com\/cms\/wp-json\/wp\/v2\/pages\/961","targetHints":{"allow":["GET"]}}],"collection":[{"href":"https:\/\/gruporuipaula.com\/cms\/wp-json\/wp\/v2\/pages"}],"about":[{"href":"https:\/\/gruporuipaula.com\/cms\/wp-json\/wp\/v2\/types\/page"}],"author":[{"embeddable":true,"href":"https:\/\/gruporuipaula.com\/cms\/wp-json\/wp\/v2\/users\/1"}],"replies":[{"embeddable":true,"href":"https:\/\/gruporuipaula.com\/cms\/wp-json\/wp\/v2\/comments?post=961"}],"version-history":[{"count":16,"href":"https:\/\/gruporuipaula.com\/cms\/wp-json\/wp\/v2\/pages\/961\/revisions"}],"predecessor-version":[{"id":1323,"href":"https:\/\/gruporuipaula.com\/cms\/wp-json\/wp\/v2\/pages\/961\/revisions\/1323"}],"wp:attachment":[{"href":"https:\/\/gruporuipaula.com\/cms\/wp-json\/wp\/v2\/media?parent=961"}],"curies":[{"name":"wp","href":"https:\/\/api.w.org\/{rel}","templated":true}]}}