{"id":931,"date":"2021-05-15T14:39:53","date_gmt":"2021-05-15T14:39:53","guid":{"rendered":"https:\/\/gruporuipaula.com\/cms\/?page_id=931"},"modified":"2021-11-23T16:31:18","modified_gmt":"2021-11-23T16:31:18","slug":"chef-rui-paula","status":"publish","type":"page","link":"https:\/\/gruporuipaula.com\/cms\/chef-rui-paula\/","title":{"rendered":"Chef Rui Paula"},"content":{"rendered":"<p>[vc_row row_type=&#8221;row&#8221; use_row_as_full_screen_section=&#8221;no&#8221; type=&#8221;full_width&#8221; text_align=&#8221;center&#8221; background_animation=&#8221;none&#8221; padding_top=&#8221;30&#8243; padding_bottom=&#8221;30&#8243; css_animation=&#8221;&#8221; background_color=&#8221;#005151&#8243;][vc_column][vc_row_inner row_type=&#8221;row&#8221; type=&#8221;grid&#8221; use_row_as_full_screen_section_slide=&#8221;no&#8221; text_align=&#8221;center&#8221; css_animation=&#8221;&#8221;][vc_column_inner]<blockquote class='with_quote_icon with_background' style='background-color: #005151;'><span class='icon_quotations_holder'><i class='q_font_elegant_icon icon_quotations' style='color: #ffffff'><\/i><\/span><h3 class='blockquote_text' style='color: #ffffff;'><span>A gastronomia tem ra\u00edzes emocionais sempre vinculadas ao contexto cultural e \u00e0 mem\u00f3ria de gera\u00e7\u00f5es: aromas e sabores que recrio a cada nova combina\u00e7\u00e3o, potenciando emo\u00e7\u00f5es visuais e gustativas -- Chef Rui Paula<\/span><\/h3><\/blockquote>[\/vc_column_inner][\/vc_row_inner][\/vc_column][\/vc_row][vc_row row_type=&#8221;row&#8221; use_row_as_full_screen_section=&#8221;no&#8221; type=&#8221;full_width&#8221; text_align=&#8221;center&#8221; background_animation=&#8221;none&#8221; css_animation=&#8221;&#8221;][vc_column width=&#8221;1\/2&#8243; css=&#8221;.vc_custom_1637684931003{padding-right: 100px !important;padding-left: 100px !important;}&#8221;][vc_separator type=&#8221;transparent&#8221; border_style=&#8221;&#8221; up=&#8221;70&#8243;][vc_column_text]<\/p>\n<h2 style=\"text-align: left;\">As Ra\u00edzes<\/h2>\n<p>[\/vc_column_text][vc_separator type=&#8221;transparent&#8221; border_style=&#8221;&#8221; up=&#8221;5&#8243; down=&#8221;5&#8243;][vc_column_text]<\/p>\n<p style=\"text-align: left;\">Considerado uma refer\u00eancia incontorn\u00e1vel da cozinha moderna, e distinguido com duas Estrelas Michelin na Casa de Ch\u00e1 da Boa Nova, os pratos do Chef Rui Paula revelam a mem\u00f3ria das suas origens e viv\u00eancias, preservando sabores, texturas, aromas e cores, em surpreendentes recria\u00e7\u00f5es, cheias de originalidade.<\/p>\n<p style=\"text-align: left;\">Natural do Porto, a simplicidade e o sentido de humor s\u00e3o tra\u00e7os que lhe vincam a personalidade. Foram as ra\u00edzes transmontanas que lhe despertaram o gosto pela cozinha, e as mulheres da fam\u00edlia \u2013 m\u00e3e e av\u00f3 \u2013 inspiraram as bases que o transformariam no profissional que \u00e9 atualmente<strong>:<\/strong> apaixonado, original e surpreendente.<\/p>\n<p style=\"text-align: left;\">H\u00e1 mais de duas d\u00e9cadas, abriu o seu primeiro restaurante em Alij\u00f3 \u2013 o C\u00eapa Torta. Desde ent\u00e3o, as suas cozinhas traduzem-se em solidez e consist\u00eancia.<\/p>\n<p>[\/vc_column_text][\/vc_column][vc_column width=&#8221;1\/2&#8243; css=&#8221;.vc_custom_1637684680354{margin-top: 0px !important;margin-right: 0px !important;margin-bottom: 0px !important;margin-left: 0px !important;border-top-width: 0px !important;border-right-width: 0px !important;border-bottom-width: 0px !important;border-left-width: 0px !important;padding-top: 0px !important;padding-right: 0px !important;padding-bottom: 0px !important;padding-left: 0px !important;}&#8221;][vc_single_image image=&#8221;1125&#8243; img_size=&#8221;full&#8221; qode_css_animation=&#8221;&#8221;][\/vc_column][\/vc_row][vc_row row_type=&#8221;row&#8221; use_row_as_full_screen_section=&#8221;no&#8221; type=&#8221;full_width&#8221; text_align=&#8221;center&#8221; background_animation=&#8221;none&#8221; css_animation=&#8221;&#8221; background_color=&#8221;#f5f5f5&#8243;][vc_column width=&#8221;1\/2&#8243; css=&#8221;.vc_custom_1637684727582{margin-top: 0px !important;margin-right: 0px !important;margin-bottom: 0px !important;margin-left: 0px !important;border-top-width: 0px !important;border-right-width: 0px !important;border-bottom-width: 0px !important;border-left-width: 0px !important;padding-top: 0px !important;padding-right: 0px !important;padding-bottom: 0px !important;padding-left: 0px !important;}&#8221;][vc_single_image image=&#8221;1090&#8243; img_size=&#8221;full&#8221; alignment=&#8221;center&#8221; qode_css_animation=&#8221;&#8221;][\/vc_column][vc_column width=&#8221;1\/2&#8243; css=&#8221;.vc_custom_1637684944245{padding-right: 100px !important;padding-left: 100px !important;}&#8221;][vc_separator type=&#8221;transparent&#8221; border_style=&#8221;&#8221; up=&#8221;70&#8243;][vc_column_text]<\/p>\n<h2 style=\"text-align: left;\">Mem\u00f3ria Criativa<\/h2>\n<p>[\/vc_column_text][vc_separator type=&#8221;transparent&#8221; border_style=&#8221;&#8221; up=&#8221;20&#8243; down=&#8221;20&#8243;][vc_column_text]<\/p>\n<p style=\"text-align: left;\">Rui Paula \u00e9 rigoroso na escolha de produtos \u2013 sempre frescos e de qualidade \u2013 trabalhando-os\u00a0 de forma a que as suas cria\u00e7\u00f5es acompanhem as tend\u00eancias mais modernas e vanguardistas, aliadas a t\u00e9cnicas criativas e originais, sem nunca perderem o sabor genu\u00edno.<\/p>\n<p style=\"text-align: left;\">A sua curiosidade \u00e9 inesgot\u00e1vel, resultando em combina\u00e7\u00f5es \u00fanicas de fus\u00e3o, elaboradas a partir do cruzamento de produtos de todo o mundo.<\/p>\n<p>[\/vc_column_text][\/vc_column][\/vc_row][vc_row row_type=&#8221;row&#8221; use_row_as_full_screen_section=&#8221;no&#8221; type=&#8221;full_width&#8221; text_align=&#8221;center&#8221; background_animation=&#8221;none&#8221; css_animation=&#8221;&#8221;][vc_column width=&#8221;1\/2&#8243; css=&#8221;.vc_custom_1637684956102{padding-right: 100px !important;padding-left: 100px !important;}&#8221;][vc_separator type=&#8221;transparent&#8221; border_style=&#8221;&#8221; up=&#8221;70&#8243;][vc_column_text]<\/p>\n<h2 style=\"text-align: left;\">Refer\u00eancia Gastron\u00f3mica<\/h2>\n<p>[\/vc_column_text][vc_separator type=&#8221;transparent&#8221; border_style=&#8221;&#8221; up=&#8221;20&#8243; down=&#8221;20&#8243;][vc_column_text]<\/p>\n<p style=\"margin: 0cm; line-height: 150%; vertical-align: baseline; text-align: left;\" align=\"center\"><span lang=\"PT\" style=\"font-size: 10.5pt; line-height: 150%; font-family: 'Arial',sans-serif; color: #999999;\">Jurado desde 2014 do Masterchef Portugal, participa como convidado em in\u00fameros eventos de grande prest\u00edgio, ligados \u00e0 atividade gastron\u00f3mica e v\u00ednica em Portugal e no Mundo.<\/span><\/p>\n<p>[\/vc_column_text][\/vc_column][vc_column width=&#8221;1\/2&#8243; css=&#8221;.vc_custom_1637684740016{margin-top: 0px !important;margin-right: 0px !important;margin-bottom: 0px !important;margin-left: 0px !important;border-top-width: 0px !important;border-right-width: 0px !important;border-bottom-width: 0px !important;border-left-width: 0px !important;padding-top: 0px !important;padding-right: 0px !important;padding-bottom: 0px !important;padding-left: 0px !important;}&#8221;][vc_single_image image=&#8221;1113&#8243; img_size=&#8221;full&#8221; alignment=&#8221;center&#8221; qode_css_animation=&#8221;&#8221;][\/vc_column][\/vc_row][vc_row row_type=&#8221;row&#8221; use_row_as_full_screen_section=&#8221;no&#8221; type=&#8221;full_width&#8221; text_align=&#8221;center&#8221; background_animation=&#8221;none&#8221; padding_top=&#8221;100&#8243; padding_bottom=&#8221;100&#8243; css_animation=&#8221;&#8221; background_color=&#8221;#f5f5f5&#8243;][vc_column][vc_row_inner row_type=&#8221;row&#8221; type=&#8221;grid&#8221; use_row_as_full_screen_section_slide=&#8221;no&#8221; text_align=&#8221;left&#8221; css_animation=&#8221;&#8221;][vc_column_inner][vc_column_text]<\/p>\n<h2 style=\"text-align: center;\">Reconhecimento<\/h2>\n<p>[\/vc_column_text][vc_separator type=&#8221;transparent&#8221; border_style=&#8221;&#8221; up=&#8221;20&#8243; down=&#8221;20&#8243;][vc_column_text]<\/p>\n<p style=\"text-align: center;\">I am text block. Click edit button to change this text. Lorem ipsum dolor sit amet, consectetur adipiscing elit. Ut elit tellus, luctus nec ullamcorper mattis, pulvinar dapibus leo.<\/p>\n<p>[\/vc_column_text][\/vc_column_inner][\/vc_row_inner][\/vc_column][\/vc_row]<\/p>\n","protected":false},"excerpt":{"rendered":"<p>[vc_row row_type=&#8221;row&#8221; use_row_as_full_screen_section=&#8221;no&#8221; type=&#8221;full_width&#8221; text_align=&#8221;center&#8221; background_animation=&#8221;none&#8221; padding_top=&#8221;30&#8243; padding_bottom=&#8221;30&#8243; css_animation=&#8221;&#8221; background_color=&#8221;#005151&#8243;][vc_column][vc_row_inner row_type=&#8221;row&#8221; type=&#8221;grid&#8221; use_row_as_full_screen_section_slide=&#8221;no&#8221; text_align=&#8221;center&#8221; css_animation=&#8221;&#8221;][vc_column_inner][\/vc_column_inner][\/vc_row_inner][\/vc_column][\/vc_row][vc_row row_type=&#8221;row&#8221; use_row_as_full_screen_section=&#8221;no&#8221; type=&#8221;full_width&#8221; text_align=&#8221;center&#8221; background_animation=&#8221;none&#8221; css_animation=&#8221;&#8221;][vc_column width=&#8221;1\/2&#8243; css=&#8221;.vc_custom_1637684931003{padding-right: 100px !important;padding-left: 100px !important;}&#8221;][vc_separator type=&#8221;transparent&#8221; border_style=&#8221;&#8221; up=&#8221;70&#8243;][vc_column_text] As Ra\u00edzes [\/vc_column_text][vc_separator type=&#8221;transparent&#8221; border_style=&#8221;&#8221;&#8230;<\/p>\n","protected":false},"author":1,"featured_media":0,"parent":0,"menu_order":0,"comment_status":"closed","ping_status":"closed","template":"full_width.php","meta":{"footnotes":""},"class_list":["post-931","page","type-page","status-publish","hentry"],"_links":{"self":[{"href":"https:\/\/gruporuipaula.com\/cms\/wp-json\/wp\/v2\/pages\/931","targetHints":{"allow":["GET"]}}],"collection":[{"href":"https:\/\/gruporuipaula.com\/cms\/wp-json\/wp\/v2\/pages"}],"about":[{"href":"https:\/\/gruporuipaula.com\/cms\/wp-json\/wp\/v2\/types\/page"}],"author":[{"embeddable":true,"href":"https:\/\/gruporuipaula.com\/cms\/wp-json\/wp\/v2\/users\/1"}],"replies":[{"embeddable":true,"href":"https:\/\/gruporuipaula.com\/cms\/wp-json\/wp\/v2\/comments?post=931"}],"version-history":[{"count":87,"href":"https:\/\/gruporuipaula.com\/cms\/wp-json\/wp\/v2\/pages\/931\/revisions"}],"predecessor-version":[{"id":1320,"href":"https:\/\/gruporuipaula.com\/cms\/wp-json\/wp\/v2\/pages\/931\/revisions\/1320"}],"wp:attachment":[{"href":"https:\/\/gruporuipaula.com\/cms\/wp-json\/wp\/v2\/media?parent=931"}],"curies":[{"name":"wp","href":"https:\/\/api.w.org\/{rel}","templated":true}]}}