{"id":909,"date":"2021-05-11T17:39:22","date_gmt":"2021-05-11T17:39:22","guid":{"rendered":"https:\/\/gruporuipaula.com\/cms\/?page_id=909"},"modified":"2021-12-01T16:29:08","modified_gmt":"2021-12-01T16:29:08","slug":"dop","status":"publish","type":"page","link":"https:\/\/gruporuipaula.com\/cms\/dop\/","title":{"rendered":"DOP"},"content":{"rendered":"<p>[vc_row row_type=&#8221;row&#8221; use_row_as_full_screen_section=&#8221;no&#8221; type=&#8221;full_width&#8221; text_align=&#8221;center&#8221; background_animation=&#8221;none&#8221; padding_bottom=&#8221;30&#8243; css_animation=&#8221;&#8221;][vc_column]<div class=\"call_to_action normal\" style=\"background-color: #f5f5f5;\"><div class=\"container_inner\"><div class=\"two_columns_75_25 clearfix\"><div class=\"text_wrapper column1\"><div class=\"call_to_action_text\" style=\"\"><\/p>\n<h4>N\u00e3o perca tempo, fa\u00e7a j\u00e1 a sua reserva<\/h4>\n<p><\/div><\/div><div class=\"button_wrapper column2\"><a href=\"#reservas-dop\" class=\"qbutton \" target=\"_self\" style=\"\">Reservar<\/a><\/div><\/div><\/div><\/div>[\/vc_column][\/vc_row][vc_row row_type=&#8221;row&#8221; use_row_as_full_screen_section=&#8221;no&#8221; type=&#8221;full_width&#8221; text_align=&#8221;center&#8221; background_animation=&#8221;none&#8221; padding_top=&#8221;100&#8243; padding_bottom=&#8221;100&#8243; css_animation=&#8221;&#8221;][vc_column][vc_row_inner row_type=&#8221;row&#8221; type=&#8221;grid&#8221; use_row_as_full_screen_section_slide=&#8221;no&#8221; text_align=&#8221;center&#8221; css_animation=&#8221;&#8221;][vc_column_inner][vc_column_text]<\/p>\n<h2 style=\"text-align: center;\">Lugar de Hist\u00f3ria<\/h2>\n<p>[\/vc_column_text][vc_separator type=&#8221;transparent&#8221; border_style=&#8221;&#8221; up=&#8221;5&#8243; down=&#8221;5&#8243;][vc_column_text]<\/p>\n<h4 style=\"text-align: center;\">Ao Sabor da Cidade<\/h4>\n<p>[\/vc_column_text][vc_separator type=&#8221;transparent&#8221; border_style=&#8221;&#8221; up=&#8221;20&#8243; down=&#8221;20&#8243;][vc_column_text]<\/p>\n<p style=\"text-align: center;\">Situado em pleno centro hist\u00f3rico do Porto, Patrim\u00f3nio da Mundial Humanidade desde 1996, o restaurante DOP est\u00e1 rodeado pelos mais belos monumentos, aut\u00eanticos ex-libris da cidade. Est\u00e1 integrado no Pal\u00e1cio das Artes-F\u00e1brica de Talentos, tamb\u00e9m ele um edif\u00edcio de cariz hist\u00f3rico que j\u00e1 serviu de alpendre ao antigo Convento de S. Domingos e de sede a prestigiadas entidades financeiras como o Banco de Lisboa (atual Banco de Portugal) ou a Companhia de Seguros Douro. Ao longo do s\u00e9culo XIV, o edif\u00edcio manteve grande atividade como palco de leil\u00f5es e reuni\u00f5es camar\u00e1rias.<\/p>\n<p style=\"text-align: center;\">O conceito do Pal\u00e1cio da Artes encaixa na perfei\u00e7\u00e3o no projeto do Grupo Rui Paula, que entende a gastronomia como um dom\u00ednio de cria\u00e7\u00e3o com uma forte componente cultural. Em ambiente descontra\u00eddo, calmo e informal, tome uma bebida na esplanada, enquanto aprecia o centro hist\u00f3rico da cidade. Depois, deixe-se surpreender pelas sugest\u00f5es, cheias de originalidade.<\/p>\n<p>[\/vc_column_text][\/vc_column_inner][\/vc_row_inner][\/vc_column][\/vc_row][vc_row row_type=&#8221;row&#8221; use_row_as_full_screen_section=&#8221;no&#8221; type=&#8221;full_width&#8221; text_align=&#8221;center&#8221; background_animation=&#8221;none&#8221; padding_top=&#8221;30&#8243; padding_bottom=&#8221;30&#8243; css_animation=&#8221;&#8221; background_color=&#8221;#005151&#8243;][vc_column][vc_row_inner row_type=&#8221;row&#8221; type=&#8221;grid&#8221; use_row_as_full_screen_section_slide=&#8221;no&#8221; text_align=&#8221;center&#8221; css_animation=&#8221;&#8221;][vc_column_inner]<blockquote class='with_quote_icon with_background' style='background-color: #005151;'><span class='icon_quotations_holder'><i class='q_font_elegant_icon icon_quotations' style='color: #ffffff'><\/i><\/span><h3 class='blockquote_text' style='color: #ffffff;'><span>N\u00e3o h\u00e1 futuro sem mem\u00f3ria. Sem enraizamento e sem mem\u00f3ria, os povos, como os homens, s\u00e3o apenas n\u00e1ufragos. -- Manuel Ant\u00f3nio Pina<\/span><\/h3><\/blockquote>[\/vc_column_inner][\/vc_row_inner][\/vc_column][\/vc_row][vc_row row_type=&#8221;row&#8221; use_row_as_full_screen_section=&#8221;no&#8221; type=&#8221;full_width&#8221; text_align=&#8221;center&#8221; background_image=&#8221;1065&#8243; background_animation=&#8221;none&#8221; padding_top=&#8221;200&#8243; padding_bottom=&#8221;200&#8243; css_animation=&#8221;&#8221;][vc_column][\/vc_column][\/vc_row][vc_row row_type=&#8221;row&#8221; use_row_as_full_screen_section=&#8221;no&#8221; type=&#8221;full_width&#8221; text_align=&#8221;center&#8221; background_animation=&#8221;none&#8221; padding_top=&#8221;100&#8243; padding_bottom=&#8221;100&#8243; css_animation=&#8221;&#8221;][vc_column][vc_row_inner row_type=&#8221;row&#8221; type=&#8221;grid&#8221; use_row_as_full_screen_section_slide=&#8221;no&#8221; text_align=&#8221;center&#8221; css_animation=&#8221;&#8221;][vc_column_inner][vc_column_text]<\/p>\n<h2 style=\"text-align: center;\">Distinto &amp; Informal<\/h2>\n<p>[\/vc_column_text][vc_column_text]<\/p>\n<h4 style=\"text-align: center;\">Servi\u00e7o e Vinhos<\/h4>\n<p>[\/vc_column_text][vc_separator type=&#8221;transparent&#8221; border_style=&#8221;&#8221; up=&#8221;20&#8243; down=&#8221;20&#8243;][vc_column_text]<\/p>\n<p style=\"text-align: center;\">Com um servi\u00e7o personalizado, jovem e atento, o restaurante DOP est\u00e1 dividido em dois pisos com capacidade para 90 pessoas. Embora o espa\u00e7o seja amplo, as mesas est\u00e3o protegidas por pequenas paredes-tamp\u00e3o para maior privacidade. \u00c9 um conceito que permite juntar pequenos grupos em espa\u00e7os pr\u00f3prios e recatados.<\/p>\n<p style=\"text-align: center;\">Disp\u00f5e ainda de uma pequena esplanada com servi\u00e7o de bar.<\/p>\n<p style=\"text-align: center;\">Aqui, pode desfrutar de experi\u00eancias gastron\u00f3micas intimistas ou reunir a fam\u00edlia e os amigos para as grandes celebra\u00e7\u00f5es.<\/p>\n<p style=\"text-align: center;\">A carta de vinhos do DOP \u00e9 rigorosa e extensa, com uma sele\u00e7\u00e3o absolutamente surpreendente, entre mais de 900 refer\u00eancias da mais alta qualidade, que representam diversas regi\u00f5es vitivin\u00edcolas de Portugal e do mundo.<\/p>\n<p style=\"text-align: center;\">Os sommeliers testam pormenorizadamente cada combina\u00e7\u00e3o, em busca das melhores propostas.<\/p>\n<p>[\/vc_column_text][\/vc_column_inner][\/vc_row_inner][\/vc_column][\/vc_row][vc_row row_type=&#8221;row&#8221; use_row_as_full_screen_section=&#8221;no&#8221; type=&#8221;full_width&#8221; text_align=&#8221;center&#8221; background_image=&#8221;1072&#8243; background_animation=&#8221;none&#8221; padding_top=&#8221;200&#8243; padding_bottom=&#8221;200&#8243; css_animation=&#8221;&#8221;][vc_column][\/vc_column][\/vc_row][vc_row row_type=&#8221;row&#8221; use_row_as_full_screen_section=&#8221;no&#8221; type=&#8221;full_width&#8221; text_align=&#8221;center&#8221; background_animation=&#8221;none&#8221; padding_top=&#8221;100&#8243; padding_bottom=&#8221;100&#8243; css_animation=&#8221;&#8221;][vc_column][vc_row_inner row_type=&#8221;row&#8221; type=&#8221;grid&#8221; use_row_as_full_screen_section_slide=&#8221;no&#8221; text_align=&#8221;center&#8221; css_animation=&#8221;&#8221;][vc_column_inner][vc_column_text]<\/p>\n<h2 style=\"text-align: center;\">Cozinha de Mem\u00f3rias<\/h2>\n<p>[\/vc_column_text][vc_column_text]<\/p>\n<h4 style=\"text-align: center;\">Onde as Ideias Fluem<\/h4>\n<p>[\/vc_column_text][vc_separator type=&#8221;transparent&#8221; border_style=&#8221;&#8221; up=&#8221;20&#8243; down=&#8221;20&#8243;][vc_column_text]<\/p>\n<p style=\"text-align: center;\">O restaurante DOP proporciona-lhe experi\u00eancias gastron\u00f3micas inesquec\u00edveis, com incurs\u00f5es pelos verdadeiros cl\u00e1ssicos da cozinha portuguesa.<\/p>\n<p style=\"text-align: center;\">A busca incessante por novas t\u00e9cnicas, abordagens e harmoniza\u00e7\u00f5es faz da nossa cozinha um lugar din\u00e2mico, de ousadias e criatividade.<\/p>\n<p style=\"text-align: center;\">Cada prato apela aos sentidos e as mem\u00f3rias reinventam-se nos sabores mais genu\u00ednos, em que a dualidade entre o cl\u00e1ssico e o contempor\u00e2neo, funcionam na perfei\u00e7\u00e3o.<\/p>\n<p>[\/vc_column_text][\/vc_column_inner][\/vc_row_inner][\/vc_column][\/vc_row][vc_row row_type=&#8221;row&#8221; use_row_as_full_screen_section=&#8221;no&#8221; type=&#8221;full_width&#8221; text_align=&#8221;center&#8221; background_image=&#8221;1071&#8243; background_animation=&#8221;none&#8221; padding_top=&#8221;200&#8243; padding_bottom=&#8221;200&#8243; css_animation=&#8221;&#8221;][vc_column][\/vc_column][\/vc_row][vc_row row_type=&#8221;row&#8221; use_row_as_full_screen_section=&#8221;no&#8221; type=&#8221;full_width&#8221; anchor=&#8221;menu-dop&#8221; text_align=&#8221;center&#8221; background_animation=&#8221;none&#8221; padding_top=&#8221;100&#8243; padding_bottom=&#8221;100&#8243; css_animation=&#8221;&#8221;][vc_column][vc_row_inner row_type=&#8221;row&#8221; type=&#8221;grid&#8221; use_row_as_full_screen_section_slide=&#8221;no&#8221; text_align=&#8221;center&#8221; css_animation=&#8221;&#8221;][vc_column_inner][vc_column_text]<\/p>\n<h2 style=\"text-align: center;\">Menu<\/h2>\n<p>[\/vc_column_text][vc_separator type=&#8221;transparent&#8221; border_style=&#8221;&#8221; up=&#8221;20&#8243; down=&#8221;20&#8243;][vc_column_text]<\/p>\n<p style=\"text-align: center;\">A nossa carta \u00e9 alegre, colorida e perfumada. As sugest\u00f5es incluem uma grande variedade de peixes e mariscos, bem como carnes mais tradicionais, sopas e massas.<\/p>\n<p style=\"text-align: center;\">Destacam-se, ainda, os produtos regionais e da terra como os frutos \u2013 frescos e secos \u2013 queijos e saladas. As especiarias rematam a experi\u00eancia gastron\u00f3mica com um toque de originalidade e mist\u00e9rio.<\/p>\n<p style=\"text-align: center;\">Para al\u00e9m dos pratos \u00e0<em>\u00a0la carte,\u00a0<\/em>as propostas incluem dois menus de degusta\u00e7\u00e3o \u2013 <strong>\u2018Mem\u00f3ria\u2019 e \u2018Mar\u2019<\/strong> \u2013 com harmoniza\u00e7\u00e3o de vinhos, para al\u00e9m do menu Executivo, servido ao almo\u00e7o, de ter\u00e7a a sexta-feira.<\/p>\n<p>[\/vc_column_text][vc_separator type=&#8221;transparent&#8221; border_style=&#8221;&#8221; up=&#8221;20&#8243; down=&#8221;20&#8243;][\/vc_column_inner][\/vc_row_inner][vc_row_inner row_type=&#8221;row&#8221; type=&#8221;grid&#8221; use_row_as_full_screen_section_slide=&#8221;no&#8221; text_align=&#8221;center&#8221; css_animation=&#8221;&#8221;][vc_column_inner width=&#8221;1\/5&#8243;][\/vc_column_inner][vc_column_inner width=&#8221;1\/5&#8243;]<a href=\"https:\/\/gruporuipaula.com\/menus\/menus-dop\/MENU-BAR-DOP.pdf\" target=\"_self\"  class=\"qbutton \" style=\"\">Bar<\/a>[\/vc_column_inner][vc_column_inner width=&#8221;1\/5&#8243;]<a href=\"https:\/\/gruporuipaula.com\/menus\/menus-dop\/MENU-DOP-PT.pdf\" target=\"_self\"  class=\"qbutton \" style=\"\">Carta<\/a>[\/vc_column_inner][vc_column_inner width=&#8221;1\/5&#8243;]<a href=\"https:\/\/gruporuipaula.com\/menus\/menus-dop\/MENU-VINHOS-DOP.pdf\" target=\"_self\"  class=\"qbutton \" style=\"\">Vinhos<\/a>[\/vc_column_inner][vc_column_inner width=&#8221;1\/5&#8243;][\/vc_column_inner][\/vc_row_inner][\/vc_column][\/vc_row][vc_row row_type=&#8221;row&#8221; use_row_as_full_screen_section=&#8221;no&#8221; type=&#8221;full_width&#8221; text_align=&#8221;center&#8221; background_image=&#8221;1070&#8243; background_animation=&#8221;none&#8221; padding_top=&#8221;200&#8243; padding_bottom=&#8221;200&#8243; css_animation=&#8221;&#8221;][vc_column][\/vc_column][\/vc_row][vc_row row_type=&#8221;row&#8221; use_row_as_full_screen_section=&#8221;no&#8221; type=&#8221;full_width&#8221; text_align=&#8221;center&#8221; background_animation=&#8221;none&#8221; padding_top=&#8221;100&#8243; padding_bottom=&#8221;100&#8243; css_animation=&#8221;&#8221; background_color=&#8221;#f5f5f5&#8243;][vc_column][vc_row_inner row_type=&#8221;row&#8221; type=&#8221;grid&#8221; use_row_as_full_screen_section_slide=&#8221;no&#8221; text_align=&#8221;center&#8221; css_animation=&#8221;&#8221;][vc_column_inner][vc_column_text]<\/p>\n<h2 style=\"text-align: center;\">Partilhar Experi\u00eancias<\/h2>\n<p>[\/vc_column_text][vc_separator type=&#8221;transparent&#8221; border_style=&#8221;&#8221; up=&#8221;20&#8243; down=&#8221;20&#8243;][vc_column_text]<\/p>\n<div class=\"wpb_text_column wpb_content_element \">\n<div class=\"wpb_wrapper\">\n<p style=\"text-align: center;\">Escolha a experi\u00eancia gastron\u00f3mica que quer oferecer, selecionando um dos nossos menus de degusta\u00e7\u00e3o que poder\u00e1 ou n\u00e3o acompanhar com a harmoniza\u00e7\u00e3o de vinhos.<\/p>\n<p style=\"text-align: center;\">Se escolher personalizar a sua oferta, contacte-nos pelos telefone +351 220 014 313 ou atrav\u00e9s do e-mail <a href=\"mailto:doc@ruipaula.com\">dop@ruipaula.com<\/a><\/p>\n<p style=\"text-align: center;\">Teremos todo o gosto em ajud\u00e1-lo!<\/p>\n<\/div>\n<\/div>\n<p>[\/vc_column_text][vc_separator type=&#8221;transparent&#8221; border_style=&#8221;&#8221; up=&#8221;50&#8243; down=&#8221;50&#8243;][\/vc_column_inner][\/vc_row_inner][vc_row_inner row_type=&#8221;row&#8221; type=&#8221;grid&#8221; use_row_as_full_screen_section_slide=&#8221;no&#8221; text_align=&#8221;left&#8221; css_animation=&#8221;&#8221;][vc_column_inner width=&#8221;1\/4&#8243;][\/vc_column_inner][vc_column_inner width=&#8221;1\/2&#8243;][product_category per_page=&#8221;2&#8243; columns=&#8221;2&#8243; orderby=&#8221;menu_order title&#8221; order=&#8221;ASC&#8221; category=&#8221;vouchers-dop&#8221;][\/vc_column_inner][vc_column_inner width=&#8221;1\/4&#8243;][\/vc_column_inner][\/vc_row_inner][\/vc_column][\/vc_row][vc_row row_type=&#8221;row&#8221; use_row_as_full_screen_section=&#8221;no&#8221; type=&#8221;full_width&#8221; anchor=&#8221;reservas-dop&#8221; text_align=&#8221;center&#8221; background_animation=&#8221;none&#8221; padding_top=&#8221;100&#8243; padding_bottom=&#8221;200&#8243; css_animation=&#8221;&#8221;][vc_column][vc_row_inner row_type=&#8221;row&#8221; type=&#8221;grid&#8221; use_row_as_full_screen_section_slide=&#8221;no&#8221; text_align=&#8221;center&#8221; css_animation=&#8221;&#8221;][vc_column_inner][vc_column_text]<\/p>\n<h2 style=\"text-align: center;\">Reservas<\/h2>\n<p>[\/vc_column_text][vc_separator type=&#8221;transparent&#8221; border_style=&#8221;&#8221; up=&#8221;20&#8243; down=&#8221;20&#8243;][vc_raw_html]JTNDaWZyYW1lJTIwc3JjJTNEJTIyaHR0cHMlM0ElMkYlMkZib29raW5nLnJlc2RpYXJ5LmNvbSUyRndpZGdldCUyRlN0YW5kYXJkJTJGRE9QJTJGMTQ5OTMlM0YlMjIlMjBhbGxvd3RyYW5zcGFyZW5jeSUzRCUyMnRydWUlMjIlMjBmcmFtZWJvcmRlciUzRCUyMjAlMjIlMjBzdHlsZSUzRCUyMndpZHRoJTNBMTAwJTI1JTNCJTIwYm9yZGVyJTNBbm9uZSUzQiUyMGhlaWdodCUzQSUyMDUwMHB4JTNCJTIyJTNFJTNDJTJGaWZyYW1lJTNF[\/vc_raw_html][\/vc_column_inner][\/vc_row_inner][\/vc_column][\/vc_row][vc_row row_type=&#8221;row&#8221; use_row_as_full_screen_section=&#8221;no&#8221; type=&#8221;full_width&#8221; text_align=&#8221;center&#8221; background_image=&#8221;1068&#8243; background_animation=&#8221;none&#8221; padding_top=&#8221;200&#8243; padding_bottom=&#8221;200&#8243; css_animation=&#8221;&#8221;][vc_column][\/vc_column][\/vc_row][vc_row row_type=&#8221;row&#8221; use_row_as_full_screen_section=&#8221;no&#8221; type=&#8221;full_width&#8221; anchor=&#8221;contactos-dop&#8221; text_align=&#8221;center&#8221; background_animation=&#8221;none&#8221; padding_top=&#8221;100&#8243; padding_bottom=&#8221;100&#8243; css_animation=&#8221;&#8221;][vc_column][vc_row_inner row_type=&#8221;row&#8221; type=&#8221;grid&#8221; use_row_as_full_screen_section_slide=&#8221;no&#8221; text_align=&#8221;left&#8221; css_animation=&#8221;&#8221;][vc_column_inner width=&#8221;1\/4&#8243;][vc_column_text]<\/p>\n<h3>Morada<\/h3>\n<p>[\/vc_column_text][vc_column_text]<\/p>\n<div class=\"wpb_text_column wpb_content_element \">\n<div class=\"wpb_wrapper\">\n<p>Restaurante DOP<br \/>\nPal\u00e1cio das Artes<br \/>\nLargo de S. Domingos, 18<br \/>\n4050-545 Porto<br \/>\nPortugal<br \/>\nGPS: 41\u00b0 8\u2032 34.07\u2033 N \/ 8\u00b0 36\u2032 52.75\u2033 W<\/p>\n<\/div>\n<\/div>\n<p>[\/vc_column_text][\/vc_column_inner][vc_column_inner width=&#8221;1\/4&#8243;][vc_column_text]<\/p>\n<h3>Contactos<\/h3>\n<p>[\/vc_column_text][vc_column_text]+351 22 20 14 313<br \/>\n+351 91 001 4041<br \/>\n<a href=\"mailto:dop@ruipaula.com\" target=\"_blank\" rel=\"noopener\">dop@ruipaula.com<\/a>[\/vc_column_text][vc_separator type=&#8221;transparent&#8221; border_style=&#8221;&#8221; up=&#8221;5&#8243; down=&#8221;5&#8243;]<span class='q_social_icon_holder with_link normal_social' ><a href='https:\/\/www.facebook.com\/dopruipaula\/' target='_self'><i class='social_icon fa fa-facebook medium simple_social' style=''><\/i><\/a><\/span><span class='q_social_icon_holder with_link normal_social' ><a href='https:\/\/www.instagram.com\/dopporto\/' target='_self'><i class='social_icon fa fa-instagram medium simple_social' style=''><\/i><\/a><\/span><span class='q_social_icon_holder with_link normal_social' ><a href='https:\/\/www.twitter.com\/dopporto\/' target='_self'><i class='social_icon fa fa-twitter medium simple_social' style=''><\/i><\/a><\/span>[\/vc_column_inner][vc_column_inner width=&#8221;1\/4&#8243;][vc_column_text]<\/p>\n<h3>Hor\u00e1rio<\/h3>\n<p>[\/vc_column_text][vc_column_text]Almo\u00e7o: das 12h30 \u00e0s 15h00<br \/>\nJantar:\u00a0 das 19h00 \u00e0s 22h30[\/vc_column_text][vc_separator type=&#8221;transparent&#8221; border_style=&#8221;&#8221; up=&#8221;5&#8243; down=&#8221;5&#8243;][vc_column_text]Domingo durante todo o dia<br \/>\nSegunda-feira ao almo\u00e7o[\/vc_column_text][\/vc_column_inner][vc_column_inner width=&#8221;1\/4&#8243;][vc_column_text]<\/p>\n<h3>Pagamento<\/h3>\n<p>[\/vc_column_text]<span class=\"q_font_awsome_icon q_icon_shortcode normal q_font_awsome_icon_holder fa-2x  \" style=\"color: #005151; \"><i class=\"fa fa-cc-amex\"><\/i><\/span><span class=\"q_font_awsome_icon q_icon_shortcode normal q_font_awsome_icon_holder fa-2x  \" style=\"color: #005151; \"><i class=\"fa fa-cc-mastercard\"><\/i><\/span><span class=\"q_font_awsome_icon q_icon_shortcode normal q_font_awsome_icon_holder fa-2x  \" style=\"color: #005151; \"><i class=\"fa fa-cc-visa\"><\/i><\/span>[\/vc_column_inner][\/vc_row_inner][\/vc_column][\/vc_row][vc_row row_type=&#8221;row&#8221; use_row_as_full_screen_section=&#8221;no&#8221; type=&#8221;full_width&#8221; text_align=&#8221;center&#8221; background_animation=&#8221;none&#8221; css_animation=&#8221;&#8221;][vc_column][qode_google_map custom_map_style=&#8221;yes&#8221; address1=&#8221;DOP &#8211; Chef Rui Paula&#8221; map_height=&#8221;400&#8243; pin=&#8221;323&#8243; color_overlay=&#8221;#eeeeee&#8221; lightness=&#8221;30&#8243;][\/vc_column][\/vc_row][vc_row row_type=&#8221;row&#8221; use_row_as_full_screen_section=&#8221;no&#8221; type=&#8221;full_width&#8221; text_align=&#8221;center&#8221; background_animation=&#8221;none&#8221; padding_top=&#8221;100&#8243; padding_bottom=&#8221;100&#8243; css_animation=&#8221;&#8221;][vc_column][vc_row_inner row_type=&#8221;row&#8221; type=&#8221;grid&#8221; use_row_as_full_screen_section_slide=&#8221;no&#8221; text_align=&#8221;left&#8221; css_animation=&#8221;&#8221;][vc_column_inner width=&#8221;1\/2&#8243;][vc_column_text]<\/p>\n<h3>Se tiver alguma d\u00favida<\/h3>\n<h3>contacte-nos<\/h3>\n<p>[\/vc_column_text][vc_separator type=&#8221;transparent&#8221; border_style=&#8221;&#8221; up=&#8221;30&#8243; down=&#8221;30&#8243;][vc_column_text]Se pretende saber condi\u00e7oes para menus de grupo, sala rivada, restaurante privado ou obter qualquer outra informa\u00e7\u00e3o[\/vc_column_text][\/vc_column_inner][vc_column_inner width=&#8221;1\/2&#8243;]\n<div class=\"wpcf7 no-js\" id=\"wpcf7-f914-o1\" lang=\"en-US\" dir=\"ltr\">\n<div class=\"screen-reader-response\"><p role=\"status\" aria-live=\"polite\" aria-atomic=\"true\"><\/p> <ul><\/ul><\/div>\n<form action=\"\/cms\/wp-json\/wp\/v2\/pages\/909#wpcf7-f914-o1\" method=\"post\" class=\"wpcf7-form init cf7_custom_style_1\" aria-label=\"Contact form\" novalidate=\"novalidate\" data-status=\"init\">\n<div style=\"display: none;\">\n<input type=\"hidden\" name=\"_wpcf7\" value=\"914\" \/>\n<input type=\"hidden\" name=\"_wpcf7_version\" value=\"5.7.4\" \/>\n<input type=\"hidden\" name=\"_wpcf7_locale\" value=\"en_US\" \/>\n<input type=\"hidden\" name=\"_wpcf7_unit_tag\" value=\"wpcf7-f914-o1\" \/>\n<input type=\"hidden\" name=\"_wpcf7_container_post\" value=\"0\" \/>\n<input type=\"hidden\" name=\"_wpcf7_posted_data_hash\" value=\"\" \/>\n<\/div>\n<p><label> Nome<br \/>\n<span class=\"wpcf7-form-control-wrap\" data-name=\"your-name\"><input size=\"40\" class=\"wpcf7-form-control wpcf7-text wpcf7-validates-as-required\" aria-required=\"true\" aria-invalid=\"false\" value=\"\" type=\"text\" name=\"your-name\" \/><\/span> <\/label>\n<\/p>\n<p><label> Endere\u00e7o de e-mail<br \/>\n<span class=\"wpcf7-form-control-wrap\" data-name=\"your-email\"><input size=\"40\" class=\"wpcf7-form-control wpcf7-text wpcf7-email wpcf7-validates-as-required wpcf7-validates-as-email\" aria-required=\"true\" aria-invalid=\"false\" value=\"\" type=\"email\" name=\"your-email\" \/><\/span> <\/label>\n<\/p>\n<p><label> Assunto<br \/>\n<span class=\"wpcf7-form-control-wrap\" data-name=\"your-subject\"><input size=\"40\" class=\"wpcf7-form-control wpcf7-text wpcf7-validates-as-required\" aria-required=\"true\" aria-invalid=\"false\" value=\"\" type=\"text\" name=\"your-subject\" \/><\/span> <\/label>\n<\/p>\n<p><label> Mensagem<br \/>\n<span class=\"wpcf7-form-control-wrap\" data-name=\"your-message\"><textarea cols=\"40\" rows=\"3\" class=\"wpcf7-form-control wpcf7-textarea\" aria-invalid=\"false\" name=\"your-message\"><\/textarea><\/span> <\/label>\n<\/p>\n<p><input class=\"wpcf7-form-control has-spinner wpcf7-submit\" type=\"submit\" value=\"Enviar\" \/>\n<\/p><p style=\"display: none !important;\"><label>&#916;<textarea name=\"_wpcf7_ak_hp_textarea\" cols=\"45\" rows=\"8\" maxlength=\"100\"><\/textarea><\/label><input type=\"hidden\" id=\"ak_js_1\" name=\"_wpcf7_ak_js\" value=\"41\"\/><script>document.getElementById( \"ak_js_1\" ).setAttribute( \"value\", ( new Date() ).getTime() );<\/script><\/p><div class=\"wpcf7-response-output\" aria-hidden=\"true\"><\/div>\n<\/form>\n<\/div>\n[\/vc_column_inner][\/vc_row_inner][\/vc_column][\/vc_row][vc_row row_type=&#8221;row&#8221; use_row_as_full_screen_section=&#8221;no&#8221; type=&#8221;full_width&#8221; text_align=&#8221;left&#8221; background_animation=&#8221;none&#8221; css_animation=&#8221;&#8221;][vc_column][\/vc_column][\/vc_row]<\/p>\n","protected":false},"excerpt":{"rendered":"<p>[vc_row row_type=&#8221;row&#8221; use_row_as_full_screen_section=&#8221;no&#8221; type=&#8221;full_width&#8221; text_align=&#8221;center&#8221; background_animation=&#8221;none&#8221; padding_bottom=&#8221;30&#8243; css_animation=&#8221;&#8221;][vc_column][\/vc_column][\/vc_row][vc_row row_type=&#8221;row&#8221; use_row_as_full_screen_section=&#8221;no&#8221; type=&#8221;full_width&#8221; text_align=&#8221;center&#8221; background_animation=&#8221;none&#8221; padding_top=&#8221;100&#8243; padding_bottom=&#8221;100&#8243; css_animation=&#8221;&#8221;][vc_column][vc_row_inner row_type=&#8221;row&#8221; type=&#8221;grid&#8221; use_row_as_full_screen_section_slide=&#8221;no&#8221; text_align=&#8221;center&#8221; css_animation=&#8221;&#8221;][vc_column_inner][vc_column_text] Lugar de Hist\u00f3ria [\/vc_column_text][vc_separator type=&#8221;transparent&#8221; border_style=&#8221;&#8221; up=&#8221;5&#8243; down=&#8221;5&#8243;][vc_column_text] Ao Sabor da Cidade [\/vc_column_text][vc_separator type=&#8221;transparent&#8221;&#8230;<\/p>\n","protected":false},"author":1,"featured_media":0,"parent":0,"menu_order":0,"comment_status":"closed","ping_status":"closed","template":"full_width.php","meta":{"footnotes":""},"class_list":["post-909","page","type-page","status-publish","hentry"],"_links":{"self":[{"href":"https:\/\/gruporuipaula.com\/cms\/wp-json\/wp\/v2\/pages\/909","targetHints":{"allow":["GET"]}}],"collection":[{"href":"https:\/\/gruporuipaula.com\/cms\/wp-json\/wp\/v2\/pages"}],"about":[{"href":"https:\/\/gruporuipaula.com\/cms\/wp-json\/wp\/v2\/types\/page"}],"author":[{"embeddable":true,"href":"https:\/\/gruporuipaula.com\/cms\/wp-json\/wp\/v2\/users\/1"}],"replies":[{"embeddable":true,"href":"https:\/\/gruporuipaula.com\/cms\/wp-json\/wp\/v2\/comments?post=909"}],"version-history":[{"count":24,"href":"https:\/\/gruporuipaula.com\/cms\/wp-json\/wp\/v2\/pages\/909\/revisions"}],"predecessor-version":[{"id":1521,"href":"https:\/\/gruporuipaula.com\/cms\/wp-json\/wp\/v2\/pages\/909\/revisions\/1521"}],"wp:attachment":[{"href":"https:\/\/gruporuipaula.com\/cms\/wp-json\/wp\/v2\/media?parent=909"}],"curies":[{"name":"wp","href":"https:\/\/api.w.org\/{rel}","templated":true}]}}