{"id":841,"date":"2021-05-04T17:36:57","date_gmt":"2021-05-04T17:36:57","guid":{"rendered":"https:\/\/gruporuipaula.com\/cms\/?page_id=841"},"modified":"2021-12-01T16:31:31","modified_gmt":"2021-12-01T16:31:31","slug":"doc","status":"publish","type":"page","link":"https:\/\/gruporuipaula.com\/cms\/doc\/","title":{"rendered":"DOC"},"content":{"rendered":"<p>[vc_row row_type=&#8221;row&#8221; use_row_as_full_screen_section=&#8221;no&#8221; type=&#8221;full_width&#8221; text_align=&#8221;center&#8221; background_animation=&#8221;none&#8221; padding_bottom=&#8221;30&#8243; css_animation=&#8221;&#8221;][vc_column]<div class=\"call_to_action normal\" style=\"background-color: #f5f5f5;\"><div class=\"container_inner\"><div class=\"two_columns_75_25 clearfix\"><div class=\"text_wrapper column1\"><div class=\"call_to_action_text\" style=\"\"><\/p>\n<h4>N\u00e3o perca tempo, fa\u00e7a j\u00e1 a sua reserva<\/h4>\n<p><\/div><\/div><div class=\"button_wrapper column2\"><a href=\"#reservas-doc\" class=\"qbutton \" target=\"_self\" style=\"\">Reservar<\/a><\/div><\/div><\/div><\/div>[\/vc_column][\/vc_row][vc_row row_type=&#8221;row&#8221; use_row_as_full_screen_section=&#8221;no&#8221; type=&#8221;full_width&#8221; text_align=&#8221;center&#8221; background_animation=&#8221;none&#8221; padding_top=&#8221;100&#8243; padding_bottom=&#8221;100&#8243; css_animation=&#8221;&#8221;][vc_column][vc_row_inner row_type=&#8221;row&#8221; type=&#8221;grid&#8221; use_row_as_full_screen_section_slide=&#8221;no&#8221; text_align=&#8221;center&#8221; css_animation=&#8221;&#8221;][vc_column_inner][vc_column_text]<\/p>\n<h2 style=\"text-align: center;\">Cen\u00e1rio deslumbrante<\/h2>\n<p>[\/vc_column_text][vc_separator type=&#8221;transparent&#8221; border_style=&#8221;&#8221; up=&#8221;5&#8243; down=&#8221;5&#8243;][vc_column_text]<\/p>\n<h4 style=\"text-align: center;\">No Cora\u00e7\u00e3o do Douro Vinhateiro<\/h4>\n<p>[\/vc_column_text][vc_separator type=&#8221;transparent&#8221; border_style=&#8221;&#8221; up=&#8221;20&#8243; down=&#8221;20&#8243;][vc_column_text]<\/p>\n<p style=\"text-align: center;\">Situado na Folgosa desde 2007, na famosa 222, estrada marginal entre a R\u00e9gua e o Pinh\u00e3o, o DOC integra um dos percursos panor\u00e2micos mais belos e rom\u00e2nticos do pa\u00eds. O edif\u00edcio, assente em estacas, prolonga-se por um elegante deck de madeira sobre o rio, e integra uma estrutura fluvial tamb\u00e9m composta por dois cais \u2013 com capacidade para 15 barcos \u2013e um parque de estacionamento.<\/p>\n<p style=\"text-align: center;\">Aqui, cada refei\u00e7\u00e3o \u00e9 um momento \u00fanico e especial. Da sala envidra\u00e7ada ou da esplanada suspensa no rio, a vista \u00e9 arrebatadora: os socalcos de vinhas e xisto, a pacatez das aldeias ribeirinhas, os comboios a passar na outra margem quebrando, momentaneamente, a quietude do vale, os barcos de grande porte levando os turistas para l\u00e1 do Douro Internacional.<\/p>\n<p style=\"text-align: center;\">O DOC funciona como uma janela aberta sobre este cen\u00e1rio, classificado como Patrim\u00f3nio da Humanidade pela UNESCO, em 2001.<\/p>\n<p>[\/vc_column_text][\/vc_column_inner][\/vc_row_inner][\/vc_column][\/vc_row][vc_row row_type=&#8221;row&#8221; use_row_as_full_screen_section=&#8221;no&#8221; type=&#8221;full_width&#8221; text_align=&#8221;center&#8221; background_animation=&#8221;none&#8221; padding_top=&#8221;30&#8243; padding_bottom=&#8221;30&#8243; css_animation=&#8221;&#8221; background_color=&#8221;#005151&#8243;][vc_column][vc_row_inner row_type=&#8221;row&#8221; type=&#8221;grid&#8221; use_row_as_full_screen_section_slide=&#8221;no&#8221; text_align=&#8221;center&#8221; css_animation=&#8221;&#8221;][vc_column_inner]<blockquote class='with_quote_icon with_background' style='background-color: #005151;'><span class='icon_quotations_holder'><i class='q_font_elegant_icon icon_quotations' style='color: #ffffff'><\/i><\/span><h3 class='blockquote_text' style='color: #ffffff;'><span>O Douro \u00e9 um excesso da natureza (\u2026) Um poema geol\u00f3gico. A beleza absoluta. -- Miguel Torga<\/span><\/h3><\/blockquote>[\/vc_column_inner][\/vc_row_inner][\/vc_column][\/vc_row][vc_row row_type=&#8221;row&#8221; use_row_as_full_screen_section=&#8221;no&#8221; type=&#8221;full_width&#8221; text_align=&#8221;center&#8221; background_image=&#8221;1058&#8243; background_animation=&#8221;none&#8221; padding_top=&#8221;200&#8243; padding_bottom=&#8221;200&#8243; css_animation=&#8221;&#8221;][vc_column][\/vc_column][\/vc_row][vc_row row_type=&#8221;row&#8221; use_row_as_full_screen_section=&#8221;no&#8221; type=&#8221;full_width&#8221; text_align=&#8221;center&#8221; background_animation=&#8221;none&#8221; padding_top=&#8221;100&#8243; padding_bottom=&#8221;100&#8243; css_animation=&#8221;&#8221;][vc_column][vc_row_inner row_type=&#8221;row&#8221; type=&#8221;grid&#8221; use_row_as_full_screen_section_slide=&#8221;no&#8221; text_align=&#8221;center&#8221; css_animation=&#8221;&#8221;][vc_column_inner][vc_column_text]<\/p>\n<h2 style=\"text-align: center;\">Compet\u00eancia e Versatilidade<\/h2>\n<p>[\/vc_column_text][vc_column_text]<\/p>\n<h4 style=\"text-align: center;\">Servi\u00e7o e Vinhos<\/h4>\n<p>[\/vc_column_text][vc_separator type=&#8221;transparent&#8221; border_style=&#8221;&#8221; up=&#8221;20&#8243; down=&#8221;20&#8243;][vc_column_text]<\/p>\n<p style=\"text-align: center;\">Sempre atenta aos pormenores e eficaz, a equipa do DOC acompanha a criatividade da cozinha, surpreendendo pela sua simpatia, entrega e dinamismo, procurando sempre sublimar cada momento dos seus clientes neste lugar m\u00e1gico.<\/p>\n<p style=\"text-align: center;\">O DOC \u00e9 composto por uma ampla sala, com capacidade para 100 pessoas, complementada por uma bel\u00edssima esplanada, que acolhe at\u00e9 80 pessoas.<\/p>\n<p style=\"text-align: center;\">Ideal para momentos tranquilos, rom\u00e2nticos e intimistas, o DOC est\u00e1 tamb\u00e9m vocacionado para acolher grupos e outros eventos onde se celebre o vinho e a gastronomia. O DOC assume-se, desde a origem, como um restaurante v\u00ednico.<\/p>\n<p style=\"text-align: center;\">A carta cont\u00e9m todos os grandes vinhos que se produzem no Douro, desde o m\u00edtico \u201cBarca Velha\u201d ao mais exclusivo e singular vinho do Porto. Com mais de 700 refer\u00eancias, o DOC \u00e9 o mais completo reposit\u00f3rio do que de melhor se produz na regi\u00e3o, uma verdadeira montra v\u00ednica do Douro. A nossa oferta passa, ainda, pelos grandes vinhos do mundo e de outras regi\u00f5es de Portugal.<\/p>\n<p>[\/vc_column_text][\/vc_column_inner][\/vc_row_inner][\/vc_column][\/vc_row][vc_row row_type=&#8221;row&#8221; use_row_as_full_screen_section=&#8221;no&#8221; type=&#8221;full_width&#8221; text_align=&#8221;center&#8221; background_image=&#8221;1059&#8243; background_animation=&#8221;none&#8221; padding_top=&#8221;200&#8243; padding_bottom=&#8221;200&#8243; css_animation=&#8221;&#8221;][vc_column][\/vc_column][\/vc_row][vc_row row_type=&#8221;row&#8221; use_row_as_full_screen_section=&#8221;no&#8221; type=&#8221;full_width&#8221; text_align=&#8221;center&#8221; background_animation=&#8221;none&#8221; padding_top=&#8221;100&#8243; padding_bottom=&#8221;100&#8243; css_animation=&#8221;&#8221;][vc_column][vc_row_inner row_type=&#8221;row&#8221; type=&#8221;grid&#8221; use_row_as_full_screen_section_slide=&#8221;no&#8221; text_align=&#8221;center&#8221; css_animation=&#8221;&#8221;][vc_column_inner][vc_column_text]<\/p>\n<h2 style=\"text-align: center;\">Experi\u00eancias Sensoriais<\/h2>\n<p>[\/vc_column_text][vc_column_text]<\/p>\n<h4 style=\"text-align: center;\">Cozinha<\/h4>\n<p>[\/vc_column_text][vc_separator type=&#8221;transparent&#8221; border_style=&#8221;&#8221; up=&#8221;20&#8243; down=&#8221;20&#8243;][vc_column_text]<\/p>\n<p style=\"text-align: center;\">O DOC \u00e9 um espa\u00e7o para \u201cDegustar Ousar Comunicar\u201d; cozinha moderna e inventiva que \u00e9 tamb\u00e9m um laborat\u00f3rio hist\u00f3rico baseado em v\u00e1rias gera\u00e7\u00f5es de receitas culin\u00e1rias.<\/p>\n<p style=\"text-align: center;\">Novas t\u00e9cnicas e abordagens s\u00e3o testadas de forma constante, resultando em harmoniza\u00e7\u00f5es surpreendentes, onde a preserva\u00e7\u00e3o do sabor original dos alimentos \u00e9 sempre priorit\u00e1rio.<\/p>\n<p style=\"text-align: center;\">Neste espa\u00e7o, moderno e funcional, conjuga-se criatividade e tradi\u00e7\u00e3o, onde cada prato atua como um apelo aos sentidos, numa cozinha de inspira\u00e7\u00e3o transmontano-duriense, de forte componente contempor\u00e2nea.<\/p>\n<p>[\/vc_column_text][\/vc_column_inner][\/vc_row_inner][\/vc_column][\/vc_row][vc_row row_type=&#8221;row&#8221; use_row_as_full_screen_section=&#8221;no&#8221; type=&#8221;full_width&#8221; text_align=&#8221;center&#8221; background_image=&#8221;1063&#8243; background_animation=&#8221;none&#8221; padding_top=&#8221;200&#8243; padding_bottom=&#8221;200&#8243; css_animation=&#8221;&#8221;][vc_column][\/vc_column][\/vc_row][vc_row row_type=&#8221;row&#8221; use_row_as_full_screen_section=&#8221;no&#8221; type=&#8221;full_width&#8221; anchor=&#8221;menu-doc&#8221; text_align=&#8221;center&#8221; background_animation=&#8221;none&#8221; padding_top=&#8221;100&#8243; padding_bottom=&#8221;100&#8243; css_animation=&#8221;&#8221;][vc_column][vc_row_inner row_type=&#8221;row&#8221; type=&#8221;grid&#8221; use_row_as_full_screen_section_slide=&#8221;no&#8221; text_align=&#8221;center&#8221; css_animation=&#8221;&#8221;][vc_column_inner][vc_column_text]<\/p>\n<h2 style=\"text-align: center;\">Menu<\/h2>\n<p>[\/vc_column_text][vc_separator type=&#8221;transparent&#8221; border_style=&#8221;&#8221; up=&#8221;20&#8243; down=&#8221;20&#8243;][vc_column_text]<\/p>\n<p style=\"text-align: center;\">Com uma grande diversidade de propostas, que mudam consoante as esta\u00e7\u00f5es do ano, os pratos do DOC s\u00e3o coloridos e saborosos.<\/p>\n<p style=\"text-align: center;\">As alternativas s\u00e3o muitas: desde as carnes mais tradicionais \u2013 como o Porco B\u00edsaro, o Cabrito, a Vitela Maronesa e o Leit\u00e3o \u2013 aos peixes e mariscos mais frescos da nossa costa, conjugados com saborosos pur\u00e9s, a\u00e7ordas e legumes. O azeite selecionado, as ervas biol\u00f3gicas, o p\u00e3o, os queijos e o vinho complementam a excel\u00eancia das nossas propostas.<\/p>\n<p style=\"text-align: center;\">Para al\u00e9m das op\u00e7\u00f5es \u00e0 la carte, propomos tamb\u00e9m duas degusta\u00e7\u00f5es \u2013 menu \u2018Ess\u00eancia\u2019 e menu \u2018Signature\u2019 \u2013 ambos com harmoniza\u00e7\u00e3o de vinho.<\/p>\n<p>[\/vc_column_text][vc_separator type=&#8221;transparent&#8221; border_style=&#8221;&#8221; up=&#8221;20&#8243; down=&#8221;20&#8243;][\/vc_column_inner][\/vc_row_inner][vc_row_inner row_type=&#8221;row&#8221; type=&#8221;grid&#8221; use_row_as_full_screen_section_slide=&#8221;no&#8221; text_align=&#8221;center&#8221; css_animation=&#8221;&#8221;][vc_column_inner width=&#8221;1\/5&#8243;][\/vc_column_inner][vc_column_inner width=&#8221;1\/5&#8243;]<a href=\"https:\/\/gruporuipaula.com\/menus\/menus-doc\/MENU-BAR-DOC.pdf\" target=\"_self\"  class=\"qbutton \" style=\"\">Bar<\/a>[\/vc_column_inner][vc_column_inner width=&#8221;1\/5&#8243;]<a href=\"https:\/\/gruporuipaula.com\/menus\/menus-doc\/MENU-DOC-PT.pdf\" target=\"_self\"  class=\"qbutton \" style=\"\">Carta<\/a>[\/vc_column_inner][vc_column_inner width=&#8221;1\/5&#8243;]<a href=\"https:\/\/gruporuipaula.com\/menus\/menus-doc\/MENU-VINHOS-DOC.pdf\" target=\"_self\"  class=\"qbutton \" style=\"\">Vinhos<\/a>[\/vc_column_inner][vc_column_inner width=&#8221;1\/5&#8243;][\/vc_column_inner][\/vc_row_inner][\/vc_column][\/vc_row][vc_row row_type=&#8221;row&#8221; use_row_as_full_screen_section=&#8221;no&#8221; type=&#8221;full_width&#8221; text_align=&#8221;center&#8221; background_image=&#8221;1062&#8243; background_animation=&#8221;none&#8221; padding_top=&#8221;200&#8243; padding_bottom=&#8221;200&#8243; css_animation=&#8221;&#8221;][vc_column][\/vc_column][\/vc_row][vc_row row_type=&#8221;row&#8221; use_row_as_full_screen_section=&#8221;no&#8221; type=&#8221;full_width&#8221; text_align=&#8221;center&#8221; background_animation=&#8221;none&#8221; padding_top=&#8221;100&#8243; padding_bottom=&#8221;100&#8243; css_animation=&#8221;&#8221; background_color=&#8221;#f5f5f5&#8243;][vc_column][vc_row_inner row_type=&#8221;row&#8221; type=&#8221;grid&#8221; use_row_as_full_screen_section_slide=&#8221;no&#8221; text_align=&#8221;center&#8221; css_animation=&#8221;&#8221;][vc_column_inner][vc_column_text]<\/p>\n<h2 style=\"text-align: center;\">Partilhar Experi\u00eancias<\/h2>\n<p>[\/vc_column_text][vc_separator type=&#8221;transparent&#8221; border_style=&#8221;&#8221; up=&#8221;20&#8243; down=&#8221;20&#8243;][vc_column_text]<\/p>\n<div class=\"wpb_text_column wpb_content_element \">\n<div class=\"wpb_wrapper\">\n<p style=\"text-align: center;\">Escolha a experi\u00eancia gastron\u00f3mica que quer oferecer, selecionando um dos nossos menus de degusta\u00e7\u00e3o que poder\u00e1 ou n\u00e3o acompanhar com a harmoniza\u00e7\u00e3o de vinhos.<\/p>\n<p style=\"text-align: center;\">Se escolher personalizar a sua oferta, contacte-nos pelos telefone +351 254 858 123 ou atrav\u00e9s do e-mail\u00a0<a href=\"mailto:doc@ruipaula.com\">doc@ruipaula.com<\/a><\/p>\n<p style=\"text-align: center;\">Teremos todo o gosto em ajud\u00e1-lo!<\/p>\n<\/div>\n<\/div>\n<p>[\/vc_column_text][vc_separator type=&#8221;transparent&#8221; border_style=&#8221;&#8221; up=&#8221;50&#8243; down=&#8221;50&#8243;][\/vc_column_inner][\/vc_row_inner][vc_row_inner row_type=&#8221;row&#8221; type=&#8221;grid&#8221; use_row_as_full_screen_section_slide=&#8221;no&#8221; text_align=&#8221;left&#8221; css_animation=&#8221;&#8221;][vc_column_inner][product_category per_page=&#8221;3&#8243; columns=&#8221;3&#8243; orderby=&#8221;menu_order title&#8221; order=&#8221;ASC&#8221; category=&#8221;vouchers-doc&#8221;][\/vc_column_inner][\/vc_row_inner][\/vc_column][\/vc_row][vc_row row_type=&#8221;row&#8221; use_row_as_full_screen_section=&#8221;no&#8221; type=&#8221;full_width&#8221; text_align=&#8221;center&#8221; background_image=&#8221;1061&#8243; background_animation=&#8221;none&#8221; padding_top=&#8221;200&#8243; padding_bottom=&#8221;200&#8243; css_animation=&#8221;&#8221;][vc_column][\/vc_column][\/vc_row][vc_row row_type=&#8221;row&#8221; use_row_as_full_screen_section=&#8221;no&#8221; type=&#8221;full_width&#8221; anchor=&#8221;reservas-doc&#8221; text_align=&#8221;center&#8221; background_animation=&#8221;none&#8221; padding_top=&#8221;100&#8243; padding_bottom=&#8221;100&#8243; css_animation=&#8221;&#8221;][vc_column][vc_row_inner row_type=&#8221;row&#8221; type=&#8221;full_width&#8221; use_row_as_full_screen_section_slide=&#8221;no&#8221; text_align=&#8221;left&#8221; css_animation=&#8221;&#8221;][vc_column_inner][vc_column_text]<\/p>\n<h2 style=\"text-align: center;\">Reservas<\/h2>\n<p>[\/vc_column_text][vc_separator type=&#8221;transparent&#8221; border_style=&#8221;&#8221; up=&#8221;20&#8243; down=&#8221;20&#8243;][vc_column_text]<\/p>\n<h6 style=\"text-align: center;\">Fa\u00e7a j\u00e1 a sua reserva, ligue\u00a0+351 254 858 123 ou +351 910 014 040 ou envie um email para <a href=\"mailto:doc@ruipaula.com\">doc@ruipaula.com<\/a><\/h6>\n<p>[\/vc_column_text][vc_separator type=&#8221;transparent&#8221; border_style=&#8221;&#8221; up=&#8221;20&#8243; down=&#8221;20&#8243;][\/vc_column_inner][\/vc_row_inner][vc_row_inner row_type=&#8221;row&#8221; type=&#8221;grid&#8221; use_row_as_full_screen_section_slide=&#8221;no&#8221; text_align=&#8221;left&#8221; css_animation=&#8221;&#8221;][vc_column_inner width=&#8221;1\/4&#8243;][vc_column_text]<\/p>\n<h3>Morada<\/h3>\n<p>[\/vc_column_text][vc_column_text]<\/p>\n<div class=\"wpb_text_column wpb_content_element \">\n<div class=\"wpb_wrapper\">\n<p>Restaurante DOC<br \/>\nEstrada Nacional 222 \u2013 Folgosa<br \/>\n5110-204 Armamar<br \/>\nPortugal<\/p>\n<\/div>\n<\/div>\n<div class=\"wpb_text_column wpb_content_element \">\n<div class=\"wpb_wrapper\">\n<p>GPS: 41\u00b0 9\u2032 5.2\u2033 N \/ 7\u00b0 40\u2032 56.7\u2033 W<\/p>\n<\/div>\n<\/div>\n<p>[\/vc_column_text][\/vc_column_inner][vc_column_inner width=&#8221;1\/4&#8243;][vc_column_text]<\/p>\n<h3>Contactos<\/h3>\n<p>[\/vc_column_text][vc_column_text]+351 254 858 123<br \/>\n+351 910 014 040<br \/>\n<a href=\"mailto:doc@ruipaula.com\" target=\"_blank\" rel=\"noopener\">doc@ruipaula.com<\/a>[\/vc_column_text][vc_separator type=&#8221;transparent&#8221; border_style=&#8221;&#8221; up=&#8221;5&#8243; down=&#8221;5&#8243;]<span class='q_social_icon_holder with_link normal_social' ><a href='https:\/\/www.facebook.com\/docruipaula\/' target='_self'><i class='social_icon fa fa-facebook medium simple_social' style=''><\/i><\/a><\/span><span class='q_social_icon_holder with_link normal_social' ><a href='https:\/\/www.instagram.com\/docdouro\/' target='_self'><i class='social_icon fa fa-instagram medium simple_social' style=''><\/i><\/a><\/span><span class='q_social_icon_holder with_link normal_social' ><a href='https:\/\/twitter.com\/docdouro' target='_self'><i class='social_icon fa fa-twitter medium simple_social' style=''><\/i><\/a><\/span>[\/vc_column_inner][vc_column_inner width=&#8221;1\/4&#8243;][vc_column_text]<\/p>\n<h3>Hor\u00e1rio<\/h3>\n<p>[\/vc_column_text][vc_column_text]Almo\u00e7o: das 12h30 \u00e0s 15h30<br \/>\nJantar:\u00a0 das 19h30 \u00e0s 22h30[\/vc_column_text][vc_separator type=&#8221;transparent&#8221; border_style=&#8221;&#8221; up=&#8221;5&#8243; down=&#8221;5&#8243;][vc_column_text]O restaurante DOC encerra \u00e0 ter\u00e7a-feira todo o dia e ao almo\u00e7o de quarta-feira[\/vc_column_text][\/vc_column_inner][vc_column_inner width=&#8221;1\/4&#8243;][vc_column_text]<\/p>\n<h3>Pagamento<\/h3>\n<p>[\/vc_column_text]<span class=\"q_font_awsome_icon q_icon_shortcode normal q_font_awsome_icon_holder fa-2x  \" style=\"color: #005151; \"><i class=\"fa fa-cc-amex\"><\/i><\/span><span class=\"q_font_awsome_icon q_icon_shortcode normal q_font_awsome_icon_holder fa-2x  \" style=\"color: #005151; \"><i class=\"fa fa-cc-mastercard\"><\/i><\/span><span class=\"q_font_awsome_icon q_icon_shortcode normal q_font_awsome_icon_holder fa-2x  \" style=\"color: #005151; \"><i class=\"fa fa-cc-visa\"><\/i><\/span>[\/vc_column_inner][\/vc_row_inner][\/vc_column][\/vc_row][vc_row row_type=&#8221;row&#8221; use_row_as_full_screen_section=&#8221;no&#8221; type=&#8221;full_width&#8221; text_align=&#8221;center&#8221; background_animation=&#8221;none&#8221; css_animation=&#8221;&#8221;][vc_column][qode_google_map custom_map_style=&#8221;yes&#8221; address1=&#8221;DOC &#8211; Chef Rui Paula&#8221; map_height=&#8221;400&#8243; pin=&#8221;323&#8243; color_overlay=&#8221;#eeeeee&#8221; lightness=&#8221;30&#8243;][\/vc_column][\/vc_row][vc_row row_type=&#8221;row&#8221; use_row_as_full_screen_section=&#8221;no&#8221; type=&#8221;full_width&#8221; text_align=&#8221;center&#8221; background_animation=&#8221;none&#8221; padding_top=&#8221;100&#8243; padding_bottom=&#8221;100&#8243; css_animation=&#8221;&#8221;][vc_column][vc_row_inner row_type=&#8221;row&#8221; type=&#8221;grid&#8221; use_row_as_full_screen_section_slide=&#8221;no&#8221; text_align=&#8221;left&#8221; css_animation=&#8221;&#8221;][vc_column_inner width=&#8221;1\/2&#8243;][vc_column_text]<\/p>\n<h3>Se tiver alguma d\u00favida<\/h3>\n<h3>contacte-nos<\/h3>\n<p>[\/vc_column_text][vc_separator type=&#8221;transparent&#8221; border_style=&#8221;&#8221; up=&#8221;30&#8243; down=&#8221;30&#8243;][vc_column_text]Se pretende saber condi\u00e7oes para menus de grupo, sala rivada, restaurante privado ou obter qualquer outra informa\u00e7\u00e3o[\/vc_column_text][\/vc_column_inner][vc_column_inner width=&#8221;1\/2&#8243;]\n<div class=\"wpcf7 no-js\" id=\"wpcf7-f870-o1\" lang=\"en-US\" dir=\"ltr\">\n<div class=\"screen-reader-response\"><p role=\"status\" aria-live=\"polite\" aria-atomic=\"true\"><\/p> <ul><\/ul><\/div>\n<form action=\"\/cms\/wp-json\/wp\/v2\/pages\/841#wpcf7-f870-o1\" method=\"post\" class=\"wpcf7-form init cf7_custom_style_1\" aria-label=\"Contact form\" novalidate=\"novalidate\" data-status=\"init\">\n<div style=\"display: none;\">\n<input type=\"hidden\" name=\"_wpcf7\" value=\"870\" \/>\n<input type=\"hidden\" name=\"_wpcf7_version\" value=\"5.7.4\" \/>\n<input type=\"hidden\" name=\"_wpcf7_locale\" value=\"en_US\" \/>\n<input type=\"hidden\" name=\"_wpcf7_unit_tag\" value=\"wpcf7-f870-o1\" \/>\n<input type=\"hidden\" name=\"_wpcf7_container_post\" value=\"0\" \/>\n<input type=\"hidden\" name=\"_wpcf7_posted_data_hash\" value=\"\" \/>\n<\/div>\n<p><label> Nome<br \/>\n<span class=\"wpcf7-form-control-wrap\" data-name=\"your-name\"><input size=\"40\" class=\"wpcf7-form-control wpcf7-text wpcf7-validates-as-required\" aria-required=\"true\" aria-invalid=\"false\" value=\"\" type=\"text\" name=\"your-name\" \/><\/span> <\/label>\n<\/p>\n<p><label> Endere\u00e7o de e-mail<br \/>\n<span class=\"wpcf7-form-control-wrap\" data-name=\"your-email\"><input size=\"40\" class=\"wpcf7-form-control wpcf7-text wpcf7-email wpcf7-validates-as-required wpcf7-validates-as-email\" aria-required=\"true\" aria-invalid=\"false\" value=\"\" type=\"email\" name=\"your-email\" \/><\/span> <\/label>\n<\/p>\n<p><label> Assunto<br \/>\n<span class=\"wpcf7-form-control-wrap\" data-name=\"your-subject\"><input size=\"40\" class=\"wpcf7-form-control wpcf7-text wpcf7-validates-as-required\" aria-required=\"true\" aria-invalid=\"false\" value=\"\" type=\"text\" name=\"your-subject\" \/><\/span> <\/label>\n<\/p>\n<p><label> Mensagem<br \/>\n<span class=\"wpcf7-form-control-wrap\" data-name=\"your-message\"><textarea cols=\"40\" rows=\"3\" class=\"wpcf7-form-control wpcf7-textarea\" aria-invalid=\"false\" name=\"your-message\"><\/textarea><\/span> <\/label>\n<\/p>\n<p><input class=\"wpcf7-form-control has-spinner wpcf7-submit\" type=\"submit\" value=\"Enviar\" \/>\n<\/p><p style=\"display: none !important;\"><label>&#916;<textarea name=\"_wpcf7_ak_hp_textarea\" cols=\"45\" rows=\"8\" maxlength=\"100\"><\/textarea><\/label><input type=\"hidden\" id=\"ak_js_1\" name=\"_wpcf7_ak_js\" value=\"108\"\/><script>document.getElementById( \"ak_js_1\" ).setAttribute( \"value\", ( new Date() ).getTime() );<\/script><\/p><div class=\"wpcf7-response-output\" aria-hidden=\"true\"><\/div>\n<\/form>\n<\/div>\n[\/vc_column_inner][\/vc_row_inner][\/vc_column][\/vc_row]<\/p>\n","protected":false},"excerpt":{"rendered":"<p>[vc_row row_type=&#8221;row&#8221; use_row_as_full_screen_section=&#8221;no&#8221; type=&#8221;full_width&#8221; text_align=&#8221;center&#8221; background_animation=&#8221;none&#8221; padding_bottom=&#8221;30&#8243; css_animation=&#8221;&#8221;][vc_column][\/vc_column][\/vc_row][vc_row row_type=&#8221;row&#8221; use_row_as_full_screen_section=&#8221;no&#8221; type=&#8221;full_width&#8221; text_align=&#8221;center&#8221; background_animation=&#8221;none&#8221; padding_top=&#8221;100&#8243; padding_bottom=&#8221;100&#8243; css_animation=&#8221;&#8221;][vc_column][vc_row_inner row_type=&#8221;row&#8221; type=&#8221;grid&#8221; use_row_as_full_screen_section_slide=&#8221;no&#8221; text_align=&#8221;center&#8221; css_animation=&#8221;&#8221;][vc_column_inner][vc_column_text] Cen\u00e1rio deslumbrante [\/vc_column_text][vc_separator type=&#8221;transparent&#8221; border_style=&#8221;&#8221; up=&#8221;5&#8243; down=&#8221;5&#8243;][vc_column_text] No Cora\u00e7\u00e3o do Douro Vinhateiro [\/vc_column_text][vc_separator type=&#8221;transparent&#8221;&#8230;<\/p>\n","protected":false},"author":1,"featured_media":0,"parent":0,"menu_order":0,"comment_status":"closed","ping_status":"closed","template":"full_width.php","meta":{"footnotes":""},"class_list":["post-841","page","type-page","status-publish","hentry"],"_links":{"self":[{"href":"https:\/\/gruporuipaula.com\/cms\/wp-json\/wp\/v2\/pages\/841","targetHints":{"allow":["GET"]}}],"collection":[{"href":"https:\/\/gruporuipaula.com\/cms\/wp-json\/wp\/v2\/pages"}],"about":[{"href":"https:\/\/gruporuipaula.com\/cms\/wp-json\/wp\/v2\/types\/page"}],"author":[{"embeddable":true,"href":"https:\/\/gruporuipaula.com\/cms\/wp-json\/wp\/v2\/users\/1"}],"replies":[{"embeddable":true,"href":"https:\/\/gruporuipaula.com\/cms\/wp-json\/wp\/v2\/comments?post=841"}],"version-history":[{"count":109,"href":"https:\/\/gruporuipaula.com\/cms\/wp-json\/wp\/v2\/pages\/841\/revisions"}],"predecessor-version":[{"id":1523,"href":"https:\/\/gruporuipaula.com\/cms\/wp-json\/wp\/v2\/pages\/841\/revisions\/1523"}],"wp:attachment":[{"href":"https:\/\/gruporuipaula.com\/cms\/wp-json\/wp\/v2\/media?parent=841"}],"curies":[{"name":"wp","href":"https:\/\/api.w.org\/{rel}","templated":true}]}}