{"id":1667,"date":"2023-03-16T12:10:15","date_gmt":"2023-03-16T12:10:15","guid":{"rendered":"https:\/\/gruporuipaula.com\/cms\/?page_id=1667"},"modified":"2023-03-17T11:29:00","modified_gmt":"2023-03-17T11:29:00","slug":"ccbn-vouchers","status":"publish","type":"page","link":"https:\/\/gruporuipaula.com\/cms\/ccbn-vouchers\/","title":{"rendered":"CCBN-Vouchers"},"content":{"rendered":"<p>[vc_row row_type=&#8221;row&#8221; use_row_as_full_screen_section=&#8221;no&#8221; type=&#8221;full_width&#8221; text_align=&#8221;center&#8221; background_animation=&#8221;none&#8221; padding_top=&#8221;100&#8243; padding_bottom=&#8221;100&#8243; css_animation=&#8221;&#8221;][vc_column][vc_row_inner row_type=&#8221;row&#8221; type=&#8221;grid&#8221; use_row_as_full_screen_section_slide=&#8221;no&#8221; text_align=&#8221;center&#8221; padding_top=&#8221;20&#8243; padding_bottom=&#8221;20&#8243; css_animation=&#8221;&#8221;][vc_column_inner][vc_column_text]<\/p>\n<h2 style=\"text-align: center;\">Vouchers<\/h2>\n<p>[\/vc_column_text][vc_separator type=&#8221;transparent&#8221; border_style=&#8221;&#8221; up=&#8221;20&#8243; down=&#8221;20&#8243;][vc_column_text]<\/p>\n<p style=\"text-align: center;\">Escolha a experi\u00eancia gastron\u00f3mica que quer oferecer, selecionando um dos nossos menus de degusta\u00e7\u00e3o que poder\u00e1 ou n\u00e3o acompanhar com a harmoniza\u00e7\u00e3o de vinhos.<\/p>\n<p style=\"text-align: center;\">Personalize a sua oferta, contacte-nos pelo telefone +351 229 940 066 ou atrav\u00e9s do e-mail <a href=\"mailto:boanova@ruipaula.com\">boanova@ruipaula.com<\/a><\/p>\n<p style=\"text-align: center;\">Teremos todo o gosto em ajud\u00e1-lo!<\/p>\n<p>[\/vc_column_text][\/vc_column_inner][\/vc_row_inner][\/vc_column][\/vc_row][vc_row row_type=&#8221;row&#8221; use_row_as_full_screen_section=&#8221;yes&#8221; type=&#8221;full_width&#8221; anchor=&#8221;contactos-ccbn&#8221; text_align=&#8221;left&#8221; background_animation=&#8221;none&#8221; css_animation=&#8221;&#8221; background_color=&#8221;#f5f5f5&#8243;][vc_column width=&#8221;1\/2&#8243; css=&#8221;.vc_custom_1678967643049{padding-right: 100px !important;padding-left: 100px !important;}&#8221;][vc_separator type=&#8221;transparent&#8221; border_style=&#8221;&#8221; up=&#8221;70&#8243; down=&#8221;20&#8243;]<div class='service_table_holder'><ul class='service_table_inner'><li class='service_table_title_holder background_color_type' style='background-color: #f5f5f5;color: #005151;'><div class='service_table_title_inner'><div class='service_table_title_inner2'><h2 class='service_title' style='color: #005151;'>``Por Mares Nunca Antes Navegados``<\/h2><\/div><\/div><\/li><li class='service_icon' style='background-color: #f5f5f5;'><\/li><li class='service_table_content' style='background-color: #f5f5f5;'><\/p>\n<ul>\n<li>Menu: 150\u20ac\/190\u20ac\/250\u20ac<\/li>\n<li>Opcional de harmoniza\u00e7\u00e3o de vinhos: 130\u20ac\/170\u20ac<\/li>\n<li>Pre\u00e7os por pessoa<\/li>\n<\/ul>\n<p><\/li><\/ul><\/div>[vc_separator type=&#8221;transparent&#8221; border_style=&#8221;&#8221; up=&#8221;70&#8243; down=&#8221;20&#8243;][\/vc_column][vc_column width=&#8221;1\/2&#8243; css=&#8221;.vc_custom_1678968327024{margin-top: 0px !important;margin-right: 0px !important;margin-bottom: 0px !important;margin-left: 0px !important;border-top-width: 0px !important;border-right-width: 0px !important;border-bottom-width: 0px !important;border-left-width: 0px !important;padding-top: 0px !important;padding-right: 0px !important;padding-bottom: 0px !important;padding-left: 0px !important;}&#8221;][vc_single_image image=&#8221;1501&#8243; img_size=&#8221;full&#8221; qode_css_animation=&#8221;&#8221;][\/vc_column][\/vc_row][vc_row row_type=&#8221;row&#8221; use_row_as_full_screen_section=&#8221;yes&#8221; type=&#8221;full_width&#8221; text_align=&#8221;left&#8221; background_animation=&#8221;none&#8221; css_animation=&#8221;&#8221;][vc_column width=&#8221;1\/2&#8243; css=&#8221;.vc_custom_1678967672762{margin-top: 0px !important;margin-right: 0px !important;margin-bottom: 0px !important;margin-left: 0px !important;border-top-width: 0px !important;border-right-width: 0px !important;border-bottom-width: 0px !important;border-left-width: 0px !important;padding-top: 0px !important;padding-right: 0px !important;padding-bottom: 0px !important;padding-left: 0px !important;}&#8221;][vc_single_image image=&#8221;1511&#8243; img_size=&#8221;full&#8221; qode_css_animation=&#8221;&#8221;][\/vc_column][vc_column width=&#8221;1\/2&#8243; css=&#8221;.vc_custom_1678967683022{padding-right: 100px !important;padding-left: 100px !important;}&#8221;][vc_separator type=&#8221;transparent&#8221; border_style=&#8221;&#8221; up=&#8221;70&#8243; down=&#8221;20&#8243;]<div class='service_table_holder'><ul class='service_table_inner'><li class='service_table_title_holder background_color_type' style='background-color: #ffffff;color: #005151;'><div class='service_table_title_inner'><div class='service_table_title_inner2'><h2 class='service_title' style='color: #005151;'>``Por Mares Nunca Antes Navegados`` Vegetariano<\/h2><\/div><\/div><\/li><li class='service_icon' style='background-color: #ffffff;'><\/li><li class='service_table_content' style='background-color: #ffffff;'><\/p>\n<ul>\n<li>Menu: 110\u20ac\/140\u20ac\/180\u20ac<\/li>\n<li>Opcional de harmoniza\u00e7\u00e3o de vinhos: 130\u20ac\/170\u20ac<\/li>\n<li>Pre\u00e7os por pessoa<\/li>\n<\/ul>\n<p><\/li><\/ul><\/div>[vc_separator type=&#8221;transparent&#8221; border_style=&#8221;&#8221; up=&#8221;70&#8243; down=&#8221;20&#8243;][\/vc_column][\/vc_row]<\/p>\n","protected":false},"excerpt":{"rendered":"<p>[vc_row row_type=&#8221;row&#8221; use_row_as_full_screen_section=&#8221;no&#8221; type=&#8221;full_width&#8221; text_align=&#8221;center&#8221; background_animation=&#8221;none&#8221; padding_top=&#8221;100&#8243; padding_bottom=&#8221;100&#8243; css_animation=&#8221;&#8221;][vc_column][vc_row_inner row_type=&#8221;row&#8221; type=&#8221;grid&#8221; use_row_as_full_screen_section_slide=&#8221;no&#8221; text_align=&#8221;center&#8221; padding_top=&#8221;20&#8243; padding_bottom=&#8221;20&#8243; css_animation=&#8221;&#8221;][vc_column_inner][vc_column_text] Vouchers [\/vc_column_text][vc_separator type=&#8221;transparent&#8221; border_style=&#8221;&#8221; up=&#8221;20&#8243; down=&#8221;20&#8243;][vc_column_text] Escolha a experi\u00eancia gastron\u00f3mica que quer oferecer, selecionando um dos nossos menus de&#8230;<\/p>\n","protected":false},"author":1,"featured_media":0,"parent":0,"menu_order":0,"comment_status":"closed","ping_status":"closed","template":"full_width.php","meta":{"footnotes":""},"class_list":["post-1667","page","type-page","status-publish","hentry"],"_links":{"self":[{"href":"https:\/\/gruporuipaula.com\/cms\/wp-json\/wp\/v2\/pages\/1667","targetHints":{"allow":["GET"]}}],"collection":[{"href":"https:\/\/gruporuipaula.com\/cms\/wp-json\/wp\/v2\/pages"}],"about":[{"href":"https:\/\/gruporuipaula.com\/cms\/wp-json\/wp\/v2\/types\/page"}],"author":[{"embeddable":true,"href":"https:\/\/gruporuipaula.com\/cms\/wp-json\/wp\/v2\/users\/1"}],"replies":[{"embeddable":true,"href":"https:\/\/gruporuipaula.com\/cms\/wp-json\/wp\/v2\/comments?post=1667"}],"version-history":[{"count":14,"href":"https:\/\/gruporuipaula.com\/cms\/wp-json\/wp\/v2\/pages\/1667\/revisions"}],"predecessor-version":[{"id":1766,"href":"https:\/\/gruporuipaula.com\/cms\/wp-json\/wp\/v2\/pages\/1667\/revisions\/1766"}],"wp:attachment":[{"href":"https:\/\/gruporuipaula.com\/cms\/wp-json\/wp\/v2\/media?parent=1667"}],"curies":[{"name":"wp","href":"https:\/\/api.w.org\/{rel}","templated":true}]}}