{"id":1647,"date":"2023-03-15T13:05:35","date_gmt":"2023-03-15T13:05:35","guid":{"rendered":"https:\/\/gruporuipaula.com\/cms\/?page_id=1647"},"modified":"2023-05-15T22:04:25","modified_gmt":"2023-05-15T22:04:25","slug":"ccbn-cartamaritima","status":"publish","type":"page","link":"https:\/\/gruporuipaula.com\/cms\/ccbn-cartamaritima\/","title":{"rendered":"CCBN-CartaMaritima"},"content":{"rendered":"<p>[vc_row row_type=&#8221;row&#8221; use_row_as_full_screen_section=&#8221;no&#8221; type=&#8221;full_width&#8221; text_align=&#8221;center&#8221; background_animation=&#8221;none&#8221; padding_top=&#8221;100&#8243; padding_bottom=&#8221;100&#8243; css_animation=&#8221;&#8221;][vc_column][vc_row_inner row_type=&#8221;row&#8221; type=&#8221;grid&#8221; use_row_as_full_screen_section_slide=&#8221;no&#8221; text_align=&#8221;center&#8221; padding_top=&#8221;20&#8243; padding_bottom=&#8221;20&#8243; css_animation=&#8221;&#8221;][vc_column_inner][vc_column_text]<\/p>\n<h2 style=\"text-align: center;\">Carta Mar\u00edtima<\/h2>\n<p>[\/vc_column_text][vc_column_text]<\/p>\n<h4 style=\"text-align: center;\">Canto III<\/h4>\n<p>[\/vc_column_text][vc_separator type=&#8221;transparent&#8221; border_style=&#8221;&#8221; up=&#8221;20&#8243; down=&#8221;20&#8243;][vc_column_text]<\/p>\n<p style=\"text-align: center;\">O que fazemos \u00e9 uma cozinha etno-emocional, sem limites geogr\u00e1ficos \u00e0 cria\u00e7\u00e3o e \u00e0 influ\u00eancia, mas intimamente ligada \u00e0s nossas ra\u00edzes culturais. Independentemente das combina\u00e7\u00f5es ou equipamentos, o importante \u00e9 preservar o sabor genu\u00edno do produto.<br \/>\nO servi\u00e7o de vinhos \u00e9 um pilar fundamental onde o sommelier testa ao pormenor cada combina\u00e7\u00e3o, em busca das melhores propostas.<br \/>\nA lista, idealizada em fun\u00e7\u00e3o da g\u00e9nese gastron\u00f3mica, arquitet\u00f3nica e paisag\u00edstica do restaurante, conta com mais de 450 refer\u00eancias, provenientes das principais regi\u00f5es vitivin\u00edcolas de Portugal e do Mundo.<\/p>\n<p>[\/vc_column_text][\/vc_column_inner][\/vc_row_inner][\/vc_column][\/vc_row][vc_row row_type=&#8221;row&#8221; use_row_as_full_screen_section=&#8221;no&#8221; type=&#8221;full_width&#8221; anchor=&#8221;contactos-ccbn&#8221; text_align=&#8221;left&#8221; background_image=&#8221;1822&#8243; background_animation=&#8221;none&#8221; css_animation=&#8221;&#8221; background_color=&#8221;#f5f5f5&#8243;][vc_column width=&#8221;1\/2&#8243; css=&#8221;.vc_custom_1678967643049{padding-right: 100px !important;padding-left: 100px !important;}&#8221;][vc_separator type=&#8221;transparent&#8221; border_style=&#8221;&#8221; up=&#8221;70&#8243; down=&#8221;20&#8243;][vc_column_text]<\/p>\n<h2 style=\"text-align: left;\">Carta<\/h2>\n<p>[\/vc_column_text][vc_separator type=&#8221;transparent&#8221; border_style=&#8221;&#8221; up=&#8221;20&#8243; down=&#8221;20&#8243;][vc_column_text]<\/p>\n<p style=\"text-align: left;\">O que fazemos \u00e9 uma cozinha etno-emocional, sem limites geogr\u00e1ficos \u00e0 cria\u00e7\u00e3o e \u00e0 influ\u00eancia, mas intimamente ligada \u00e0s nossas ra\u00edzes culturais. Independentemente das combina\u00e7\u00f5es ou equipamentos, o importante \u00e9 preservar o sabor genu\u00edno do produto.<\/p>\n<p>[\/vc_column_text][vc_separator type=&#8221;transparent&#8221; border_style=&#8221;&#8221; up=&#8221;20&#8243; down=&#8221;20&#8243;]<a href=\"https:\/\/gruporuipaula.com\/menus\/menus-ccbn\/MENU-CCBN-PT.pdf\" target=\"_self\"  class=\"qbutton \" style=\"\">Carta<\/a>[vc_separator type=&#8221;transparent&#8221; border_style=&#8221;&#8221; up=&#8221;20&#8243; down=&#8221;20&#8243;][\/vc_column][vc_column width=&#8221;1\/2&#8243; css=&#8221;.vc_custom_1678968327024{margin-top: 0px !important;margin-right: 0px !important;margin-bottom: 0px !important;margin-left: 0px !important;border-top-width: 0px !important;border-right-width: 0px !important;border-bottom-width: 0px !important;border-left-width: 0px !important;padding-top: 0px !important;padding-right: 0px !important;padding-bottom: 0px !important;padding-left: 0px !important;}&#8221;][vc_single_image image=&#8221;1758&#8243; img_size=&#8221;full&#8221; qode_css_animation=&#8221;&#8221;][\/vc_column][\/vc_row][vc_row row_type=&#8221;row&#8221; use_row_as_full_screen_section=&#8221;no&#8221; type=&#8221;full_width&#8221; text_align=&#8221;left&#8221; background_animation=&#8221;none&#8221; css_animation=&#8221;&#8221;][vc_column width=&#8221;1\/2&#8243; css=&#8221;.vc_custom_1678967672762{margin-top: 0px !important;margin-right: 0px !important;margin-bottom: 0px !important;margin-left: 0px !important;border-top-width: 0px !important;border-right-width: 0px !important;border-bottom-width: 0px !important;border-left-width: 0px !important;padding-top: 0px !important;padding-right: 0px !important;padding-bottom: 0px !important;padding-left: 0px !important;}&#8221;][vc_single_image image=&#8221;1714&#8243; img_size=&#8221;full&#8221; qode_css_animation=&#8221;&#8221;][\/vc_column][vc_column width=&#8221;1\/2&#8243; css=&#8221;.vc_custom_1684188262367{padding-right: 100px !important;padding-left: 100px !important;background-image: url(https:\/\/gruporuipaula.com\/cms\/wp-content\/uploads\/2023\/05\/linhas-pequenas.jpeg?id=1827) !important;}&#8221;][vc_separator type=&#8221;transparent&#8221; border_style=&#8221;&#8221; up=&#8221;70&#8243; down=&#8221;20&#8243;][vc_column_text]<\/p>\n<h2 style=\"text-align: left;\">Vinhos<\/h2>\n<p>[\/vc_column_text][vc_separator type=&#8221;transparent&#8221; border_style=&#8221;&#8221; up=&#8221;20&#8243; down=&#8221;20&#8243;][vc_column_text]<\/p>\n<p style=\"text-align: left;\">O servi\u00e7o de vinhos \u00e9 um pilar fundamental onde o sommelier testa ao pormenor cada combina\u00e7\u00e3o, em busca das melhores propostas.<br \/>\nA lista, idealizada em fun\u00e7\u00e3o da g\u00e9nese gastron\u00f3mica, arquitet\u00f3nica e paisag\u00edstica do restaurante, conta com mais de 450 refer\u00eancias, provenientes das principais regi\u00f5es vitivin\u00edcolas de Portugal e do Mundo.<\/p>\n<p>[\/vc_column_text][vc_separator type=&#8221;transparent&#8221; border_style=&#8221;&#8221; up=&#8221;20&#8243; down=&#8221;20&#8243;]<a href=\"https:\/\/gruporuipaula.com\/menus\/menus-ccbn\/MENU-VINHOS-CCBN.pdf\" target=\"_self\"  class=\"qbutton \" style=\"\">Vinhos<\/a>[vc_separator type=&#8221;transparent&#8221; border_style=&#8221;&#8221; up=&#8221;20&#8243; down=&#8221;20&#8243;][\/vc_column][\/vc_row]<\/p>\n","protected":false},"excerpt":{"rendered":"<p>[vc_row row_type=&#8221;row&#8221; use_row_as_full_screen_section=&#8221;no&#8221; type=&#8221;full_width&#8221; text_align=&#8221;center&#8221; background_animation=&#8221;none&#8221; padding_top=&#8221;100&#8243; padding_bottom=&#8221;100&#8243; css_animation=&#8221;&#8221;][vc_column][vc_row_inner row_type=&#8221;row&#8221; type=&#8221;grid&#8221; use_row_as_full_screen_section_slide=&#8221;no&#8221; text_align=&#8221;center&#8221; padding_top=&#8221;20&#8243; padding_bottom=&#8221;20&#8243; css_animation=&#8221;&#8221;][vc_column_inner][vc_column_text] Carta Mar\u00edtima [\/vc_column_text][vc_column_text] Canto III [\/vc_column_text][vc_separator type=&#8221;transparent&#8221; border_style=&#8221;&#8221; up=&#8221;20&#8243; down=&#8221;20&#8243;][vc_column_text] O que fazemos \u00e9 uma cozinha etno-emocional, sem limites&#8230;<\/p>\n","protected":false},"author":1,"featured_media":0,"parent":0,"menu_order":0,"comment_status":"closed","ping_status":"closed","template":"full_width.php","meta":{"footnotes":""},"class_list":["post-1647","page","type-page","status-publish","hentry"],"_links":{"self":[{"href":"https:\/\/gruporuipaula.com\/cms\/wp-json\/wp\/v2\/pages\/1647","targetHints":{"allow":["GET"]}}],"collection":[{"href":"https:\/\/gruporuipaula.com\/cms\/wp-json\/wp\/v2\/pages"}],"about":[{"href":"https:\/\/gruporuipaula.com\/cms\/wp-json\/wp\/v2\/types\/page"}],"author":[{"embeddable":true,"href":"https:\/\/gruporuipaula.com\/cms\/wp-json\/wp\/v2\/users\/1"}],"replies":[{"embeddable":true,"href":"https:\/\/gruporuipaula.com\/cms\/wp-json\/wp\/v2\/comments?post=1647"}],"version-history":[{"count":25,"href":"https:\/\/gruporuipaula.com\/cms\/wp-json\/wp\/v2\/pages\/1647\/revisions"}],"predecessor-version":[{"id":1649,"href":"https:\/\/gruporuipaula.com\/cms\/wp-json\/wp\/v2\/pages\/1647\/revisions\/1649"}],"wp:attachment":[{"href":"https:\/\/gruporuipaula.com\/cms\/wp-json\/wp\/v2\/media?parent=1647"}],"curies":[{"name":"wp","href":"https:\/\/api.w.org\/{rel}","templated":true}]}}